{"id":4707,"date":"2024-02-25T17:02:14","date_gmt":"2024-02-25T17:02:14","guid":{"rendered":"https:\/\/eccoles.com\/sawn-timber\/"},"modified":"2024-03-18T20:07:41","modified_gmt":"2024-03-18T20:07:41","slug":"sawn-timber","status":"publish","type":"page","link":"https:\/\/eccoles.com\/en\/sawn-timber\/","title":{"rendered":"Sawn timber"},"content":{"rendered":"<div class=\"wpb-content-wrapper\"><p>[vc_row header_feature=&#8221;yes&#8221; padding_top=&#8221;80&#8243; padding_bottom=&#8221;50&#8243; margin_bottom=&#8221;0&#8243;][vc_column][vc_column_text el_class=&#8221;opis&#8221;]<\/p>\n<p style=\"text-align: center;\"><span style=\"font-weight: 400;\">In our company, we also offer high-quality sawn timber. Our range includes hardwood and softwood from various species of conifers and deciduous trees, including popular types such as oak, beech, ash, spruce, and fir. We provide both fresh and dried lumber in various lengths, widths, and thicknesses, allowing for complete customization to your needs and projects.<\/span><\/p>\n<p style=\"text-align: center;\"><span style=\"font-weight: 400;\">Our timber is sourced locally, from Slovenia and neighbouring countries, which ensures high quality and supports the local economy. For a quality experience from selection to delivery, contact us and send your enquiry today!<\/span><\/p>\n<p>[\/vc_column_text][vc_empty_space height=&#8221;10&#8243;]<div class=\"eut-element eut-align-center\"><a class=\"eut-btn eut-btn-medium eut-square eut-bg-primary-1\" href=\"https:\/\/eccoles.com\/en\/contact\/\" target=\"_self\" style=\"\"><span>Send enquiry<\/span><\/a><\/div>[\/vc_column][\/vc_row][vc_row bg_type=&#8221;color&#8221; footer_feature=&#8221;yes&#8221; bg_color=&#8221;#bba887&#8243; padding_top=&#8221;50&#8243;][vc_column]<div class=\"eut-element eut-callout eut-btn-right\" style=\"margin-bottom: 50px;\">  <div class=\"eut-callout-wrapper\"><h5 class=\"eut-callout-content\">ARE YOU LOOKING FOR A HIGH-QUALITY SUPPLIER OF SOLID OAK PANELS, FLOORING, OR OAK CHAIRS?<\/h5>  <\/div>  <div class=\"eut-button-wrapper\"><a class=\"eut-btn eut-btn-medium eut-square eut-white-color eut-btn-line\" href=\"https:\/\/eccoles.com\/en\/contact\/\" target=\"_self\" style=\"\"><span>Send enquiry<\/span><\/a>  <\/div><\/div>[\/vc_column][\/vc_row]<\/p>\n<\/div>","protected":false},"excerpt":{"rendered":"<p>[vc_row header_feature=&#8221;yes&#8221; padding_top=&#8221;80&#8243; padding_bottom=&#8221;50&#8243; margin_bottom=&#8221;0&#8243;][vc_column][vc_column_text el_class=&#8221;opis&#8221;] In our company, we also offer high-quality sawn timber. Our range includes hardwood and softwood from various species of conifers and deciduous trees, including popular types such as oak, beech, ash, spruce, and fir. We provide both fresh and dried lumber in various lengths, widths, and thicknesses, allowing for [&hellip;]<\/p>\n","protected":false},"author":1,"featured_media":0,"parent":0,"menu_order":0,"comment_status":"closed","ping_status":"closed","template":"","meta":{"footnotes":""},"yoast_head":"<!-- This site is optimized with the Yoast SEO plugin v23.5 - https:\/\/yoast.com\/wordpress\/plugins\/seo\/ -->\n<title>Sawn timber | Eccoles<\/title>\n<meta name=\"description\" content=\"Eccoles offers quality sawn timber that is sourced locally, from Slovenia and neighboring countries, which ensures high quality and supports the local economy.\" \/>\n<meta name=\"robots\" content=\"index, follow, max-snippet:-1, max-image-preview:large, max-video-preview:-1\" \/>\n<link rel=\"canonical\" href=\"https:\/\/eccoles.com\/en\/sawn-timber\/\" \/>\n<meta property=\"og:locale\" content=\"en_US\" \/>\n<meta property=\"og:type\" content=\"article\" \/>\n<meta property=\"og:title\" content=\"Sawn timber | Eccoles\" \/>\n<meta property=\"og:description\" content=\"Eccoles offers quality sawn timber that is sourced locally, from Slovenia and neighboring countries, which ensures high quality and supports the local economy.\" \/>\n<meta property=\"og:url\" content=\"https:\/\/eccoles.com\/en\/sawn-timber\/\" \/>\n<meta property=\"og:site_name\" content=\"Eccoles\" \/>\n<meta property=\"article:modified_time\" content=\"2024-03-18T20:07:41+00:00\" \/>\n<meta property=\"og:image\" content=\"https:\/\/eccoles.com\/wp-content\/uploads\/2024\/03\/IMG_7890.jpg\" \/>\n\t<meta property=\"og:image:width\" content=\"1350\" \/>\n\t<meta property=\"og:image:height\" content=\"1800\" \/>\n\t<meta property=\"og:image:type\" content=\"image\/jpeg\" \/>\n<meta name=\"twitter:card\" content=\"summary_large_image\" \/>\n<script type=\"application\/ld+json\" class=\"yoast-schema-graph\">{\"@context\":\"https:\/\/schema.org\",\"@graph\":[{\"@type\":\"WebPage\",\"@id\":\"https:\/\/eccoles.com\/en\/sawn-timber\/\",\"url\":\"https:\/\/eccoles.com\/en\/sawn-timber\/\",\"name\":\"Sawn timber | Eccoles\",\"isPartOf\":{\"@id\":\"https:\/\/eccoles.com\/en\/#website\"},\"datePublished\":\"2024-02-25T17:02:14+00:00\",\"dateModified\":\"2024-03-18T20:07:41+00:00\",\"description\":\"Eccoles offers quality sawn timber that is sourced locally, from Slovenia and neighboring countries, which ensures high quality and supports the local economy.\",\"breadcrumb\":{\"@id\":\"https:\/\/eccoles.com\/en\/sawn-timber\/#breadcrumb\"},\"inLanguage\":\"en-US\",\"potentialAction\":[{\"@type\":\"ReadAction\",\"target\":[\"https:\/\/eccoles.com\/en\/sawn-timber\/\"]}]},{\"@type\":\"BreadcrumbList\",\"@id\":\"https:\/\/eccoles.com\/en\/sawn-timber\/#breadcrumb\",\"itemListElement\":[{\"@type\":\"ListItem\",\"position\":1,\"name\":\"Home\",\"item\":\"https:\/\/eccoles.com\/en\/\"},{\"@type\":\"ListItem\",\"position\":2,\"name\":\"Sawn timber\"}]},{\"@type\":\"WebSite\",\"@id\":\"https:\/\/eccoles.com\/en\/#website\",\"url\":\"https:\/\/eccoles.com\/en\/\",\"name\":\"Eccoles\",\"description\":\"Masivne plo\u0161\u010de, parket in pohi\u0161tvo\",\"publisher\":{\"@id\":\"https:\/\/eccoles.com\/en\/#organization\"},\"potentialAction\":[{\"@type\":\"SearchAction\",\"target\":{\"@type\":\"EntryPoint\",\"urlTemplate\":\"https:\/\/eccoles.com\/en\/?s={search_term_string}\"},\"query-input\":{\"@type\":\"PropertyValueSpecification\",\"valueRequired\":true,\"valueName\":\"search_term_string\"}}],\"inLanguage\":\"en-US\"},{\"@type\":\"Organization\",\"@id\":\"https:\/\/eccoles.com\/en\/#organization\",\"name\":\"Eccoles\",\"url\":\"https:\/\/eccoles.com\/en\/\",\"logo\":{\"@type\":\"ImageObject\",\"inLanguage\":\"en-US\",\"@id\":\"https:\/\/eccoles.com\/en\/#\/schema\/logo\/image\/\",\"url\":\"https:\/\/eccoles.com\/wp-content\/uploads\/2024\/02\/logo_colored.png\",\"contentUrl\":\"https:\/\/eccoles.com\/wp-content\/uploads\/2024\/02\/logo_colored.png\",\"width\":825,\"height\":194,\"caption\":\"Eccoles\"},\"image\":{\"@id\":\"https:\/\/eccoles.com\/en\/#\/schema\/logo\/image\/\"}}]}<\/script>\n<!-- \/ Yoast SEO plugin. -->","yoast_head_json":{"title":"Sawn timber | Eccoles","description":"Eccoles offers quality sawn timber that is sourced locally, from Slovenia and neighboring countries, which ensures high quality and supports the local economy.","robots":{"index":"index","follow":"follow","max-snippet":"max-snippet:-1","max-image-preview":"max-image-preview:large","max-video-preview":"max-video-preview:-1"},"canonical":"https:\/\/eccoles.com\/en\/sawn-timber\/","og_locale":"en_US","og_type":"article","og_title":"Sawn timber | Eccoles","og_description":"Eccoles offers quality sawn timber that is sourced locally, from Slovenia and neighboring countries, which ensures high quality and supports the local economy.","og_url":"https:\/\/eccoles.com\/en\/sawn-timber\/","og_site_name":"Eccoles","article_modified_time":"2024-03-18T20:07:41+00:00","og_image":[{"width":1350,"height":1800,"url":"https:\/\/eccoles.com\/wp-content\/uploads\/2024\/03\/IMG_7890.jpg","type":"image\/jpeg"}],"twitter_card":"summary_large_image","schema":{"@context":"https:\/\/schema.org","@graph":[{"@type":"WebPage","@id":"https:\/\/eccoles.com\/en\/sawn-timber\/","url":"https:\/\/eccoles.com\/en\/sawn-timber\/","name":"Sawn timber | Eccoles","isPartOf":{"@id":"https:\/\/eccoles.com\/en\/#website"},"datePublished":"2024-02-25T17:02:14+00:00","dateModified":"2024-03-18T20:07:41+00:00","description":"Eccoles offers quality sawn timber that is sourced locally, from Slovenia and neighboring countries, which ensures high quality and supports the local economy.","breadcrumb":{"@id":"https:\/\/eccoles.com\/en\/sawn-timber\/#breadcrumb"},"inLanguage":"en-US","potentialAction":[{"@type":"ReadAction","target":["https:\/\/eccoles.com\/en\/sawn-timber\/"]}]},{"@type":"BreadcrumbList","@id":"https:\/\/eccoles.com\/en\/sawn-timber\/#breadcrumb","itemListElement":[{"@type":"ListItem","position":1,"name":"Home","item":"https:\/\/eccoles.com\/en\/"},{"@type":"ListItem","position":2,"name":"Sawn timber"}]},{"@type":"WebSite","@id":"https:\/\/eccoles.com\/en\/#website","url":"https:\/\/eccoles.com\/en\/","name":"Eccoles","description":"Masivne plo\u0161\u010de, parket in pohi\u0161tvo","publisher":{"@id":"https:\/\/eccoles.com\/en\/#organization"},"potentialAction":[{"@type":"SearchAction","target":{"@type":"EntryPoint","urlTemplate":"https:\/\/eccoles.com\/en\/?s={search_term_string}"},"query-input":{"@type":"PropertyValueSpecification","valueRequired":true,"valueName":"search_term_string"}}],"inLanguage":"en-US"},{"@type":"Organization","@id":"https:\/\/eccoles.com\/en\/#organization","name":"Eccoles","url":"https:\/\/eccoles.com\/en\/","logo":{"@type":"ImageObject","inLanguage":"en-US","@id":"https:\/\/eccoles.com\/en\/#\/schema\/logo\/image\/","url":"https:\/\/eccoles.com\/wp-content\/uploads\/2024\/02\/logo_colored.png","contentUrl":"https:\/\/eccoles.com\/wp-content\/uploads\/2024\/02\/logo_colored.png","width":825,"height":194,"caption":"Eccoles"},"image":{"@id":"https:\/\/eccoles.com\/en\/#\/schema\/logo\/image\/"}}]}},"_links":{"self":[{"href":"https:\/\/eccoles.com\/en\/wp-json\/wp\/v2\/pages\/4707"}],"collection":[{"href":"https:\/\/eccoles.com\/en\/wp-json\/wp\/v2\/pages"}],"about":[{"href":"https:\/\/eccoles.com\/en\/wp-json\/wp\/v2\/types\/page"}],"author":[{"embeddable":true,"href":"https:\/\/eccoles.com\/en\/wp-json\/wp\/v2\/users\/1"}],"replies":[{"embeddable":true,"href":"https:\/\/eccoles.com\/en\/wp-json\/wp\/v2\/comments?post=4707"}],"version-history":[{"count":4,"href":"https:\/\/eccoles.com\/en\/wp-json\/wp\/v2\/pages\/4707\/revisions"}],"predecessor-version":[{"id":4906,"href":"https:\/\/eccoles.com\/en\/wp-json\/wp\/v2\/pages\/4707\/revisions\/4906"}],"wp:attachment":[{"href":"https:\/\/eccoles.com\/en\/wp-json\/wp\/v2\/media?parent=4707"}],"curies":[{"name":"wp","href":"https:\/\/api.w.org\/{rel}","templated":true}]}}