{"id":4638,"date":"2015-11-25T13:04:59","date_gmt":"2015-11-25T13:04:59","guid":{"rendered":"https:\/\/eccoles.com\/about-us\/"},"modified":"2024-03-18T19:41:31","modified_gmt":"2024-03-18T19:41:31","slug":"about-us","status":"publish","type":"page","link":"https:\/\/eccoles.com\/en\/about-us\/","title":{"rendered":"About us"},"content":{"rendered":"<div class=\"wpb-content-wrapper\"><p>[vc_row header_feature=&#8221;yes&#8221; tablet_visibility=&#8221;hide&#8221; tablet_sm_visibility=&#8221;hide&#8221; mobile_visibility=&#8221;hide&#8221; padding_top=&#8221;0&#8243; padding_bottom=&#8221;0&#8243; margin_bottom=&#8221;0&#8243;][vc_column][vc_empty_space height=&#8221;80&#8243;][\/vc_column][\/vc_row][vc_row header_feature=&#8221;yes&#8221; desktop_visibility=&#8221;hide&#8221; padding_top=&#8221;0&#8243; padding_bottom=&#8221;0&#8243; margin_bottom=&#8221;0&#8243;][vc_column][vc_empty_space height=&#8221;150&#8243;][\/vc_column][\/vc_row][vc_row header_feature=&#8221;yes&#8221; padding_top=&#8221;0&#8243; padding_bottom=&#8221;50&#8243; margin_bottom=&#8221;0&#8243;][vc_column]<h2 class=\"eut-element eut-align-center eut-title-line\" style=\"\"><span>ECCOLES<\/span><\/h2>[vc_column_text]<\/p>\n<p style=\"text-align: center;\"><span style=\"font-weight: 400;\">The brand Eccoles is backed by the family-owned company RAUTER d.o.o. from Slovenia, specifically from the vicinity of Maribor. The company was established in 2005. We are a Slovenian provider of high-quality wood products for the furniture and construction industries. Due to the quality of our products, as well as our reliability and adaptability, we are expanding our presence both in the domestic and European markets. <\/span><\/p>\n<p>[\/vc_column_text]<h3 class=\"eut-element eut-align-center eut-title-line\" style=\"\"><span>PRODUCT RANGE<\/span><\/h3>[vc_column_text]<\/p>\n<p style=\"text-align: center;\"><span style=\"font-weight: 400;\">Our product range comprises elements made of solid wood, with a focus on solid wood glued panels and flooring. We offer both edge-glued and finger-jointed solid panels. Regarding flooring, there is a choice between solid single-layer and multi-layer oak parquet. Our range also includes dining oak chairs that meet high standards of modern design and durability.<\/span><\/p>\n<p style=\"text-align: center;\"><span style=\"font-weight: 400;\">All our products are made from quality European wood from local forests in southeastern Europe. The majority of our offerings consist of products made from solid oak wood. Due to its strength, durability, and aesthetic appeal, oak products are among the most popular and esteemed in both the European and global markets.<\/span><\/p>\n<p>[\/vc_column_text][\/vc_column][\/vc_row][vc_row header_feature=&#8221;yes&#8221; padding_bottom=&#8221;50&#8243; margin_bottom=&#8221;0&#8243; padding_top=&#8221;100&#8243;][vc_column]<div class=\"eut-element eut-align-center\"><a class=\"eut-btn eut-btn-medium eut-square eut-bg-primary-1\" href=\"https:\/\/eccoles.com\/en\/contact\/\" target=\"_self\" style=\"\"><span>Send enquiry<\/span><\/a><\/div>[\/vc_column][\/vc_row][vc_row heading_color=&#8221;light&#8221; bg_type=&#8221;image&#8221; bg_image=&#8221;1853&#8243; bg_image_type=&#8221;parallax&#8221; color_overlay=&#8221;dark&#8221; opacity_overlay=&#8221;80&#8243; font_color=&#8221;#ffffff&#8221; padding_top=&#8221;100&#8243; padding_bottom=&#8221;100&#8243; margin_bottom=&#8221;0&#8243;][vc_column css=&#8221;.vc_custom_1450666486729{padding-right: 12% !important;padding-left: 12% !important;}&#8221;]<h2 class=\"eut-element eut-align-center eut-title-line\" style=\"\"><span>Reviews from our customers<\/span><\/h2>\t\t\t<div class=\"eut-element eut-testimonial eut-carousel-element eut-align-center eut-leader-text\" style=\"\" data-slider-speed=\"7000\" data-pagination-speed=\"400\" data-slider-autoheight=\"no\" data-slider-pause=\"no\" data-slider-autoplay=\"yes\">\r\n\r\n\t\t\t\t\t\t<div class=\"eut-testimonial-element\">\r\n\t\t\t\t\t<p>We procure solid oak panels from Eccoles for stairs, tables, and other furniture. Customers are truly satisfied with the product.<\/p>\n\t\t\t\t\t\t\t\t\t<\/div>\r\n\t\t\t\t\t\t<div class=\"eut-testimonial-element\">\r\n\t\t\t\t\t<p>They stick to their words. What they say, they do. They are our reliable and long-term partner in sourcing solid oak panels and oak flooring.<\/p>\n\t\t\t\t\t\t\t\t\t<\/div>\r\n\t\t\t\t\t\t<div class=\"eut-testimonial-element\">\r\n\t\t\t\t\t<p>At Eccoles, we appreciate the friendliness and quick responsiveness of the employees.<\/p>\n\t\t\t\t\t\t\t\t\t<\/div>\r\n\t\t\t\t\t\t<div class=\"eut-testimonial-element\">\r\n\t\t\t\t\t<p>Their products made from Slavonian oak are the desire of every carpenter or furniture company, both domestically and abroad. The wood is of high quality and excellent for further processing!<\/p>\n\t\t\t\t\t\t\t\t\t<\/div>\r\n\t\t\t\t\t\t<div class=\"eut-testimonial-element\">\r\n\t\t\t\t\t<p>We are a trading company from Austria and have been collaborating with RAUTER d.o.o. (brand Eccoles) for more than 5 years. Their glued solid panels and oak flooring delight our end customers<\/p>\n\t\t\t\t\t\t\t\t\t<\/div>\r\n\t\t\t\t\t\t<div class=\"eut-testimonial-element\">\r\n\t\t\t\t\t<p>Good balance between product quality and price. Great company.<\/p>\n\t\t\t\t\t\t\t\t\t<\/div>\r\n\t\t\t\t\t\t<div class=\"eut-testimonial-element\">\r\n\t\t\t\t\t<p>In our multi-year collaboration with Eccoles, we have no complaints whatsoever. Quality products and reliability in deliveries.<\/p>\n\t\t\t\t\t\t\t\t\t<\/div>\r\n\t\t\t\t\t<\/div>\r\n\r\n\t\t[\/vc_column][\/vc_row][vc_row padding_top=&#8221;50&#8243; padding_bottom=&#8221;0&#8243; margin_bottom=&#8221;0&#8243;][vc_column]<div class=\"eut-element eut-slogan eut-align-center\" style=\"\"><h2 class=\"eut-slogan-title eut-align-center eut-title-no-line\"><span>WHY CHOOSE US?<\/span><\/h2><\/div>[vc_empty_space height=&#8221;30&#8243;][\/vc_column][\/vc_row][vc_row][vc_column width=&#8221;1\/3&#8243;]<div class=\"eut-element eut-box-icon eut-align-left eut-small\" style=\"\"><div class=\"eut-wrapper-icon eut-no-shape eut-color-grey\"><span class=\"eut-color-white\">1<\/span><\/div>  <div class=\"eut-box-content\">    <div class=\"eut-box-title-wrapper\">      <h4 class=\"eut-box-title\">LONG-TERM PARTNERSHIPS<\/h4>    <\/div>    <p class=\"\">Our product line emphasizes the use of renewable resources and demonstrates a commitment to sustainable practices. We offer environmentally friendly wood materials that contribute to environmentally conscious operations.<\/p>  <\/div><\/div>[\/vc_column][vc_column width=&#8221;1\/3&#8243;]<div class=\"eut-element eut-box-icon eut-align-left eut-small\" style=\"\"><div class=\"eut-wrapper-icon eut-no-shape eut-color-grey\"><span class=\"eut-color-white\">1<\/span><\/div>  <div class=\"eut-box-content\">    <div class=\"eut-box-title-wrapper\">      <h4 class=\"eut-box-title\">QUALITY<\/h4>    <\/div>    <p class=\"\">Ensuring top-notch quality is our priority Eccoles is synonymous with wood products that meet high quality standards.<\/p>  <\/div><\/div>[\/vc_column][vc_column width=&#8221;1\/3&#8243;]<div class=\"eut-element eut-box-icon eut-align-left eut-small\" style=\"\"><div class=\"eut-wrapper-icon eut-no-shape eut-color-grey\"><span class=\"eut-color-white\">1<\/span><\/div>  <div class=\"eut-box-content\">    <div class=\"eut-box-title-wrapper\">      <h4 class=\"eut-box-title\">WIDE RANGE OF PRODUCTS<\/h4>    <\/div>    <p class=\"\">We offer various wood products. In addition to solid wood panels, we can provide oak flooring, wooden chairs, sawn wood, oak lamellas, and other wood products.<\/p>  <\/div><\/div>[\/vc_column][\/vc_row][vc_row padding_bottom=&#8221;0&#8243;][vc_column width=&#8221;1\/3&#8243;]<div class=\"eut-element eut-box-icon eut-align-left eut-small\" style=\"\"><div class=\"eut-wrapper-icon eut-no-shape eut-color-grey\"><span class=\"eut-color-white\">1<\/span><\/div>  <div class=\"eut-box-content\">    <div class=\"eut-box-title-wrapper\">      <h4 class=\"eut-box-title\">RELIABLE SUPPLY CHAIN<\/h4>    <\/div>    <p class=\"\">We are a reliable partner who maintains a consistent supply chain, ensuring timely deliveries. Through reliability, we build strong relationships with customers, earning us a reputation as a reliable partner.<\/p>  <\/div><\/div>[\/vc_column][vc_column width=&#8221;1\/3&#8243;]<div class=\"eut-element eut-box-icon eut-align-left eut-small\" style=\"\"><div class=\"eut-wrapper-icon eut-no-shape eut-color-grey\"><span class=\"eut-color-white\">1<\/span><\/div>  <div class=\"eut-box-content\">    <div class=\"eut-box-title-wrapper\">      <h4 class=\"eut-box-title\">LONG-TERM PARTNERSHIPS<\/h4>    <\/div>    <p class=\"\">The core of our ethics is focused on developing long-lasting partnerships. With customers, we aim to establish long-term relationships based on mutual growth and satisfaction.<\/p>  <\/div><\/div>[\/vc_column][vc_column width=&#8221;1\/3&#8243;]<div class=\"eut-element eut-box-icon eut-align-left eut-small\" style=\"\"><div class=\"eut-wrapper-icon eut-no-shape eut-color-grey\"><span class=\"eut-color-white\">1<\/span><\/div>  <div class=\"eut-box-content\">    <div class=\"eut-box-title-wrapper\">      <h4 class=\"eut-box-title\">FLEXIBILITY<\/h4>    <\/div>    <p class=\"\">A high level of flexibility allows us to quickly respond to specific customer requirements and tailor our products and services to meet specific needs, ensuring complete customer satisfaction and strengthening our long-term partnership with them.<\/p>  <\/div><\/div>[\/vc_column][\/vc_row][vc_row bg_type=&#8221;color&#8221; footer_feature=&#8221;yes&#8221; margin_bottom=&#8221;150&#8243; bg_color=&#8221;#bba887&#8243; padding_top=&#8221;50&#8243; padding_bottom=&#8221;0&#8243;][vc_column]<div class=\"eut-element eut-callout eut-btn-right\" style=\"margin-bottom: 50px;\">  <div class=\"eut-callout-wrapper\"><h5 class=\"eut-callout-content\">ARE YOU LOOKING FOR A HIGH-QUALITY SUPPLIER OF SOLID OAK PANELS, FLOORING, OR OAK CHAIRS?<\/h5>  <\/div>  <div class=\"eut-button-wrapper\"><a class=\"eut-btn eut-btn-medium eut-square eut-white-color eut-btn-line\" href=\"https:\/\/eccoles.com\/en\/contact\/\" target=\"_self\" style=\"\"><span>Send enquiry<\/span><\/a>  <\/div><\/div>[\/vc_column][\/vc_row]<\/p>\n<\/div>","protected":false},"excerpt":{"rendered":"<p>[vc_row header_feature=&#8221;yes&#8221; tablet_visibility=&#8221;hide&#8221; tablet_sm_visibility=&#8221;hide&#8221; mobile_visibility=&#8221;hide&#8221; padding_top=&#8221;0&#8243; padding_bottom=&#8221;0&#8243; margin_bottom=&#8221;0&#8243;][vc_column][vc_empty_space height=&#8221;80&#8243;][\/vc_column][\/vc_row][vc_row header_feature=&#8221;yes&#8221; desktop_visibility=&#8221;hide&#8221; padding_top=&#8221;0&#8243; padding_bottom=&#8221;0&#8243; margin_bottom=&#8221;0&#8243;][vc_column][vc_empty_space height=&#8221;150&#8243;][\/vc_column][\/vc_row][vc_row header_feature=&#8221;yes&#8221; padding_top=&#8221;0&#8243; padding_bottom=&#8221;50&#8243; margin_bottom=&#8221;0&#8243;][vc_column][vc_column_text] The brand Eccoles is backed by the family-owned company RAUTER d.o.o. from Slovenia, specifically from the vicinity of Maribor. The company was established in 2005. We are a Slovenian provider of high-quality wood products for the [&hellip;]<\/p>\n","protected":false},"author":1,"featured_media":0,"parent":0,"menu_order":0,"comment_status":"closed","ping_status":"closed","template":"","meta":{"footnotes":""},"yoast_head":"<!-- This site is optimized with the Yoast SEO plugin v23.5 - https:\/\/yoast.com\/wordpress\/plugins\/seo\/ -->\n<title>About us | Eccoles<\/title>\n<meta name=\"description\" content=\"Eccoles is a Slovenian supplier of quality wood products for the furniture and construction industries.\" \/>\n<meta name=\"robots\" content=\"index, follow, max-snippet:-1, max-image-preview:large, max-video-preview:-1\" \/>\n<link rel=\"canonical\" href=\"https:\/\/eccoles.com\/en\/about-us\/\" \/>\n<meta property=\"og:locale\" content=\"en_US\" \/>\n<meta property=\"og:type\" content=\"article\" \/>\n<meta property=\"og:title\" content=\"About us | Eccoles\" \/>\n<meta property=\"og:description\" content=\"Eccoles is a Slovenian supplier of quality wood products for the furniture and construction industries.\" \/>\n<meta property=\"og:url\" content=\"https:\/\/eccoles.com\/en\/about-us\/\" \/>\n<meta property=\"og:site_name\" content=\"Eccoles\" \/>\n<meta property=\"article:modified_time\" content=\"2024-03-18T19:41:31+00:00\" \/>\n<meta property=\"og:image\" content=\"https:\/\/eccoles.com\/wp-content\/uploads\/2024\/03\/IMG_7890.jpg\" \/>\n\t<meta property=\"og:image:width\" content=\"1350\" \/>\n\t<meta property=\"og:image:height\" content=\"1800\" \/>\n\t<meta property=\"og:image:type\" content=\"image\/jpeg\" \/>\n<meta name=\"twitter:card\" content=\"summary_large_image\" \/>\n<script type=\"application\/ld+json\" class=\"yoast-schema-graph\">{\"@context\":\"https:\/\/schema.org\",\"@graph\":[{\"@type\":\"WebPage\",\"@id\":\"https:\/\/eccoles.com\/en\/about-us\/\",\"url\":\"https:\/\/eccoles.com\/en\/about-us\/\",\"name\":\"About us | Eccoles\",\"isPartOf\":{\"@id\":\"https:\/\/eccoles.com\/en\/#website\"},\"datePublished\":\"2015-11-25T13:04:59+00:00\",\"dateModified\":\"2024-03-18T19:41:31+00:00\",\"description\":\"Eccoles is a Slovenian supplier of quality wood products for the furniture and construction industries.\",\"breadcrumb\":{\"@id\":\"https:\/\/eccoles.com\/en\/about-us\/#breadcrumb\"},\"inLanguage\":\"en-US\",\"potentialAction\":[{\"@type\":\"ReadAction\",\"target\":[\"https:\/\/eccoles.com\/en\/about-us\/\"]}]},{\"@type\":\"BreadcrumbList\",\"@id\":\"https:\/\/eccoles.com\/en\/about-us\/#breadcrumb\",\"itemListElement\":[{\"@type\":\"ListItem\",\"position\":1,\"name\":\"Home\",\"item\":\"https:\/\/eccoles.com\/en\/\"},{\"@type\":\"ListItem\",\"position\":2,\"name\":\"About us\"}]},{\"@type\":\"WebSite\",\"@id\":\"https:\/\/eccoles.com\/en\/#website\",\"url\":\"https:\/\/eccoles.com\/en\/\",\"name\":\"Eccoles\",\"description\":\"Masivne plo\u0161\u010de, parket in pohi\u0161tvo\",\"publisher\":{\"@id\":\"https:\/\/eccoles.com\/en\/#organization\"},\"potentialAction\":[{\"@type\":\"SearchAction\",\"target\":{\"@type\":\"EntryPoint\",\"urlTemplate\":\"https:\/\/eccoles.com\/en\/?s={search_term_string}\"},\"query-input\":{\"@type\":\"PropertyValueSpecification\",\"valueRequired\":true,\"valueName\":\"search_term_string\"}}],\"inLanguage\":\"en-US\"},{\"@type\":\"Organization\",\"@id\":\"https:\/\/eccoles.com\/en\/#organization\",\"name\":\"Eccoles\",\"url\":\"https:\/\/eccoles.com\/en\/\",\"logo\":{\"@type\":\"ImageObject\",\"inLanguage\":\"en-US\",\"@id\":\"https:\/\/eccoles.com\/en\/#\/schema\/logo\/image\/\",\"url\":\"https:\/\/eccoles.com\/wp-content\/uploads\/2024\/02\/logo_colored.png\",\"contentUrl\":\"https:\/\/eccoles.com\/wp-content\/uploads\/2024\/02\/logo_colored.png\",\"width\":825,\"height\":194,\"caption\":\"Eccoles\"},\"image\":{\"@id\":\"https:\/\/eccoles.com\/en\/#\/schema\/logo\/image\/\"}}]}<\/script>\n<!-- \/ Yoast SEO plugin. -->","yoast_head_json":{"title":"About us | Eccoles","description":"Eccoles is a Slovenian supplier of quality wood products for the furniture and construction industries.","robots":{"index":"index","follow":"follow","max-snippet":"max-snippet:-1","max-image-preview":"max-image-preview:large","max-video-preview":"max-video-preview:-1"},"canonical":"https:\/\/eccoles.com\/en\/about-us\/","og_locale":"en_US","og_type":"article","og_title":"About us | Eccoles","og_description":"Eccoles is a Slovenian supplier of quality wood products for the furniture and construction industries.","og_url":"https:\/\/eccoles.com\/en\/about-us\/","og_site_name":"Eccoles","article_modified_time":"2024-03-18T19:41:31+00:00","og_image":[{"width":1350,"height":1800,"url":"https:\/\/eccoles.com\/wp-content\/uploads\/2024\/03\/IMG_7890.jpg","type":"image\/jpeg"}],"twitter_card":"summary_large_image","schema":{"@context":"https:\/\/schema.org","@graph":[{"@type":"WebPage","@id":"https:\/\/eccoles.com\/en\/about-us\/","url":"https:\/\/eccoles.com\/en\/about-us\/","name":"About us | Eccoles","isPartOf":{"@id":"https:\/\/eccoles.com\/en\/#website"},"datePublished":"2015-11-25T13:04:59+00:00","dateModified":"2024-03-18T19:41:31+00:00","description":"Eccoles is a Slovenian supplier of quality wood products for the furniture and construction industries.","breadcrumb":{"@id":"https:\/\/eccoles.com\/en\/about-us\/#breadcrumb"},"inLanguage":"en-US","potentialAction":[{"@type":"ReadAction","target":["https:\/\/eccoles.com\/en\/about-us\/"]}]},{"@type":"BreadcrumbList","@id":"https:\/\/eccoles.com\/en\/about-us\/#breadcrumb","itemListElement":[{"@type":"ListItem","position":1,"name":"Home","item":"https:\/\/eccoles.com\/en\/"},{"@type":"ListItem","position":2,"name":"About us"}]},{"@type":"WebSite","@id":"https:\/\/eccoles.com\/en\/#website","url":"https:\/\/eccoles.com\/en\/","name":"Eccoles","description":"Masivne plo\u0161\u010de, parket in pohi\u0161tvo","publisher":{"@id":"https:\/\/eccoles.com\/en\/#organization"},"potentialAction":[{"@type":"SearchAction","target":{"@type":"EntryPoint","urlTemplate":"https:\/\/eccoles.com\/en\/?s={search_term_string}"},"query-input":{"@type":"PropertyValueSpecification","valueRequired":true,"valueName":"search_term_string"}}],"inLanguage":"en-US"},{"@type":"Organization","@id":"https:\/\/eccoles.com\/en\/#organization","name":"Eccoles","url":"https:\/\/eccoles.com\/en\/","logo":{"@type":"ImageObject","inLanguage":"en-US","@id":"https:\/\/eccoles.com\/en\/#\/schema\/logo\/image\/","url":"https:\/\/eccoles.com\/wp-content\/uploads\/2024\/02\/logo_colored.png","contentUrl":"https:\/\/eccoles.com\/wp-content\/uploads\/2024\/02\/logo_colored.png","width":825,"height":194,"caption":"Eccoles"},"image":{"@id":"https:\/\/eccoles.com\/en\/#\/schema\/logo\/image\/"}}]}},"_links":{"self":[{"href":"https:\/\/eccoles.com\/en\/wp-json\/wp\/v2\/pages\/4638"}],"collection":[{"href":"https:\/\/eccoles.com\/en\/wp-json\/wp\/v2\/pages"}],"about":[{"href":"https:\/\/eccoles.com\/en\/wp-json\/wp\/v2\/types\/page"}],"author":[{"embeddable":true,"href":"https:\/\/eccoles.com\/en\/wp-json\/wp\/v2\/users\/1"}],"replies":[{"embeddable":true,"href":"https:\/\/eccoles.com\/en\/wp-json\/wp\/v2\/comments?post=4638"}],"version-history":[{"count":12,"href":"https:\/\/eccoles.com\/en\/wp-json\/wp\/v2\/pages\/4638\/revisions"}],"predecessor-version":[{"id":4871,"href":"https:\/\/eccoles.com\/en\/wp-json\/wp\/v2\/pages\/4638\/revisions\/4871"}],"wp:attachment":[{"href":"https:\/\/eccoles.com\/en\/wp-json\/wp\/v2\/media?parent=4638"}],"curies":[{"name":"wp","href":"https:\/\/api.w.org\/{rel}","templated":true}]}}