{"id":4626,"date":"2016-01-03T23:25:57","date_gmt":"2016-01-03T23:25:57","guid":{"rendered":"https:\/\/eccoles.com\/home\/"},"modified":"2024-03-21T20:25:24","modified_gmt":"2024-03-21T20:25:24","slug":"home","status":"publish","type":"page","link":"https:\/\/eccoles.com\/en\/","title":{"rendered":"Home"},"content":{"rendered":"<div class=\"wpb-content-wrapper\"><p>[vc_row bg_type=&#8221;color&#8221; header_feature=&#8221;yes&#8221; padding_top=&#8221;100&#8243; padding_bottom=&#8221;120&#8243; margin_bottom=&#8221;0&#8243; bg_color=&#8221;#f7f7f7&#8243;][vc_column]<div class=\"eut-element eut-slogan eut-align-center\" style=\"\"><h2 class=\"eut-slogan-title eut-align-center eut-title-line\"><span>WHO ARE WE?<\/span><\/h2>  <p class=\"\">Welcome to the world of Eccoles, where the quality of local solid wood shines through in every product.<br \/>\nDiscover our exclusive brand, where quality, aesthetics, and sustainability come together.<\/p><\/div><div class=\"eut-element eut-slogan eut-align-center\" style=\"\">  <p class=\"\">With high-quality wooden products, we create homes that exude elegance and durability. Our premium items &#8211;<br \/>\nsolid panels, flooring, decking, and chairs &#8211; impress with quality that meets the expectations of<br \/>\nboth business partners and individual customers.<\/p><\/div>[vc_empty_space height=&#8221;25&#8243;]<div class=\"eut-element eut-slogan eut-align-center\" style=\"\"><h2 class=\"eut-slogan-title eut-align-center eut-title-line\"><span>OUR OFFER<\/span><\/h2><\/div>[\/vc_column][\/vc_row][vc_row bg_type=&#8221;color&#8221; header_feature=&#8221;yes&#8221; padding_top=&#8221;0&#8243; padding_bottom=&#8221;50&#8243; margin_bottom=&#8221;0&#8243; bg_color=&#8221;#f7f7f7&#8243; el_class=&#8221;ponudba&#8221;][vc_column width=&#8221;1\/2&#8243;]<div class=\"eut-element eut-image test eut-align-center\" style=\"\"><a href=\"https:\/\/eccoles.com\/en\/edge-glued-solid-wood-panels\/\" target=\"_self\"><img loading=\"lazy\" decoding=\"async\" width=\"800\" height=\"600\" src=\"https:\/\/eccoles.com\/wp-content\/uploads\/2015\/11\/eccoles-sirinski-spoj-800x600.jpg\" class=\"attachment-engic-eutf-small-rect-horizontal size-engic-eutf-small-rect-horizontal\" alt=\"\" \/><\/a><\/div><h4 class=\"eut-element eut-align-left eut-title-no-line\" style=\"\"><span>EDGE GLUED SOLID WOOD PANELS<\/span><\/h4>[\/vc_column][vc_column width=&#8221;1\/2&#8243;]<div class=\"eut-element eut-image test eut-align-center\" style=\"\"><a href=\"https:\/\/eccoles.com\/en\/finger-jointed-solid-wood-panels\/\" target=\"_self\"><img loading=\"lazy\" decoding=\"async\" width=\"800\" height=\"600\" src=\"https:\/\/eccoles.com\/wp-content\/uploads\/2015\/11\/eccoles-dolzinsko-in-sirinsko-lepljene-masivne-plosce-800x600.jpg\" class=\"attachment-engic-eutf-small-rect-horizontal size-engic-eutf-small-rect-horizontal\" alt=\"\" \/><\/a><\/div><h4 class=\"eut-element eut-align-left eut-title-no-line\" style=\"\"><span>FINGER JOINTED SOLID WOOD PANELS<\/span><\/h4>[\/vc_column][\/vc_row][vc_row bg_type=&#8221;color&#8221; header_feature=&#8221;yes&#8221; padding_top=&#8221;100&#8243; padding_bottom=&#8221;120&#8243; margin_bottom=&#8221;0&#8243; bg_color=&#8221;#f7f7f7&#8243; el_class=&#8221;ponudba&#8221;][vc_column width=&#8221;1\/3&#8243;]<div class=\"eut-element eut-image test eut-align-center\" style=\"\"><a href=\"https:\/\/eccoles.com\/en\/multi-layer-engineered-flooring\/\" target=\"_self\"><img loading=\"lazy\" decoding=\"async\" width=\"800\" height=\"600\" src=\"https:\/\/eccoles.com\/wp-content\/uploads\/2015\/11\/eccoles-Masiven-parket-800x600.jpg\" class=\"attachment-engic-eutf-small-rect-horizontal size-engic-eutf-small-rect-horizontal\" alt=\"\" \/><\/a><\/div><h4 class=\"eut-element eut-align-left eut-title-no-line\" style=\"\"><span>MULTI-LAYER ENGINEERED FLOORING<\/span><\/h4>[\/vc_column][vc_column width=&#8221;1\/3&#8243;]<div class=\"eut-element eut-image test eut-align-center\" style=\"\"><a href=\"https:\/\/eccoles.com\/en\/solid-wood-flooring\/\" target=\"_self\"><img loading=\"lazy\" decoding=\"async\" width=\"800\" height=\"600\" src=\"https:\/\/eccoles.com\/wp-content\/uploads\/2024\/02\/eccoles-vecslojen-parket-800x600.jpg\" class=\"attachment-engic-eutf-small-rect-horizontal size-engic-eutf-small-rect-horizontal\" alt=\"\" \/><\/a><\/div><h4 class=\"eut-element eut-align-left eut-title-no-line\" style=\"\"><span>SOLID WOOD FLOORING<\/span><\/h4>[\/vc_column][vc_column width=&#8221;1\/3&#8243;]<div class=\"eut-element eut-image test eut-align-center\" style=\"\"><a href=\"https:\/\/eccoles.com\/en\/chairs\/\" target=\"_self\"><img loading=\"lazy\" decoding=\"async\" width=\"760\" height=\"600\" src=\"https:\/\/eccoles.com\/wp-content\/uploads\/2015\/11\/eccoles-stoli-1-760x600.jpg\" class=\"attachment-engic-eutf-small-rect-horizontal size-engic-eutf-small-rect-horizontal\" alt=\"\" \/><\/a><\/div><h4 class=\"eut-element eut-align-left eut-title-no-line\" style=\"\"><span>OAK CHAIRS<\/span><\/h4>[\/vc_column][\/vc_row][vc_row heading_color=&#8221;light&#8221; bg_type=&#8221;image&#8221; bg_image=&#8221;2484&#8243; bg_image_type=&#8221;parallax&#8221; color_overlay=&#8221;dark&#8221; opacity_overlay=&#8221;80&#8243; font_color=&#8221;#ffffff&#8221; padding_top=&#8221;150&#8243; padding_bottom=&#8221;150&#8243; margin_bottom=&#8221;0&#8243;][vc_column css=&#8221;.vc_custom_1450666486729{padding-right: 12% !important;padding-left: 12% !important;}&#8221;]<h2 class=\"eut-element eut-align-center eut-title-line\" style=\"\"><span>Reviews from our customers<\/span><\/h2>\t\t\t<div class=\"eut-element eut-testimonial eut-carousel-element eut-align-center eut-leader-text\" style=\"\" data-slider-speed=\"7000\" data-pagination-speed=\"400\" data-slider-autoheight=\"no\" data-slider-pause=\"no\" data-slider-autoplay=\"yes\">\r\n\r\n\t\t\t\t\t\t<div class=\"eut-testimonial-element\">\r\n\t\t\t\t\t<p>We procure solid oak panels from Eccoles for stairs, tables, and other furniture. Customers are truly satisfied with the product.<\/p>\n\t\t\t\t\t\t\t\t\t<\/div>\r\n\t\t\t\t\t\t<div class=\"eut-testimonial-element\">\r\n\t\t\t\t\t<p>They stick to their words. What they say, they do. They are our reliable and long-term partner in sourcing solid oak panels and oak flooring.<\/p>\n\t\t\t\t\t\t\t\t\t<\/div>\r\n\t\t\t\t\t\t<div class=\"eut-testimonial-element\">\r\n\t\t\t\t\t<p>At Eccoles, we appreciate the friendliness and quick responsiveness of the employees.<\/p>\n\t\t\t\t\t\t\t\t\t<\/div>\r\n\t\t\t\t\t\t<div class=\"eut-testimonial-element\">\r\n\t\t\t\t\t<p>Their products made from Slavonian oak are the desire of every carpenter or furniture company, both domestically and abroad. The wood is of high quality and excellent for further processing!<\/p>\n\t\t\t\t\t\t\t\t\t<\/div>\r\n\t\t\t\t\t\t<div class=\"eut-testimonial-element\">\r\n\t\t\t\t\t<p>We are a trading company from Austria and have been collaborating with RAUTER d.o.o. (brand Eccoles) for more than 5 years. Their glued solid panels and oak flooring delight our end customers<\/p>\n\t\t\t\t\t\t\t\t\t<\/div>\r\n\t\t\t\t\t\t<div class=\"eut-testimonial-element\">\r\n\t\t\t\t\t<p>Good balance between product quality and price. Great company.<\/p>\n\t\t\t\t\t\t\t\t\t<\/div>\r\n\t\t\t\t\t\t<div class=\"eut-testimonial-element\">\r\n\t\t\t\t\t<p>In our multi-year collaboration with Eccoles, we have no complaints whatsoever. Quality products and reliability in deliveries.<\/p>\n\t\t\t\t\t\t\t\t\t<\/div>\r\n\t\t\t\t\t<\/div>\r\n\r\n\t\t[\/vc_column][\/vc_row][vc_row bg_type=&#8221;color&#8221; padding_top=&#8221;50&#8243; padding_bottom=&#8221;50&#8243; margin_bottom=&#8221;0&#8243; bg_color=&#8221;#f7f7f7&#8243;][vc_column width=&#8221;1\/4&#8243;]<div class=\"eut-element eut-counter eut-align-center\" style=\"\">  <div class=\"eut-counter-content\">    <div class=\"eut-counter-item eut-color-grey eut-small\">      <span data-thousands-separator-vis=\"\" data-thousands-separator=\",\" data-prefix=\"\" data-suffix=\"+\" data-start-val=\"0\" data-end-val=\"500\" data-decimal-points=\"0\" data-decimal-separator=\".\">0<\/span>    <\/div>\t<h6 class=\"eut-counter-title\">satisfied customers<\/h6>  <\/div><\/div>[\/vc_column][vc_column width=&#8221;1\/4&#8243;]<div class=\"eut-element eut-counter eut-align-center\" style=\"\">  <div class=\"eut-counter-content\">    <div class=\"eut-counter-item eut-color-grey eut-small\">      <span data-thousands-separator-vis=\"\" data-thousands-separator=\",\" data-prefix=\"\" data-suffix=\"+\" data-start-val=\"0\" data-end-val=\"20\" data-decimal-points=\"0\" data-decimal-separator=\".\">0<\/span>    <\/div>\t<h6 class=\"eut-counter-title\">an annual tradition<\/h6>  <\/div><\/div>[\/vc_column][vc_column width=&#8221;1\/4&#8243;]<div class=\"eut-element eut-counter eut-align-center\" style=\"\">  <div class=\"eut-counter-content\">    <div class=\"eut-counter-item eut-color-grey eut-small\">      <span data-thousands-separator-vis=\"\" data-thousands-separator=\",\" data-prefix=\"\" data-suffix=\"+\" data-start-val=\"0\" data-end-val=\"10\" data-decimal-points=\"0\" data-decimal-separator=\".\">0<\/span>    <\/div>\t<h6 class=\"eut-counter-title\">different countries<\/h6>  <\/div><\/div>[\/vc_column][vc_column width=&#8221;1\/4&#8243;]<div class=\"eut-element eut-counter eut-align-center\" style=\"\">  <div class=\"eut-counter-content\">    <div class=\"eut-counter-item eut-color-grey eut-small\">      <span data-thousands-separator-vis=\"\" data-thousands-separator=\",\" data-prefix=\"\" data-suffix=\"+\" data-start-val=\"0\" data-end-val=\"50\" data-decimal-points=\"0\" data-decimal-separator=\".\">0<\/span>    <\/div>\t<h6 class=\"eut-counter-title\">business partners<\/h6>  <\/div><\/div>[\/vc_column][\/vc_row][vc_row section_type=&#8221;fullwidth-element&#8221; margin_bottom=&#8221;0&#8243;][vc_column]<div class=\"eut-element eut-hr \" style=\"\"><div class=\"eut-line-divider\"><\/div><\/div>[\/vc_column][\/vc_row][vc_row footer_feature=&#8221;yes&#8221; padding_top=&#8221;120&#8243; padding_bottom=&#8221;120&#8243; margin_bottom=&#8221;0&#8243; section_id=&#8221;hide_calculator&#8221;][vc_column]<div class=\"eut-element eut-slogan eut-align-center\" style=\"\"><h2 class=\"eut-slogan-title eut-align-center eut-title-line\"><span>Calculate the price of an oak panel<\/span><\/h2><\/div><div class=\"eut-element eut-align-center\"><a class=\"eut-btn eut-btn-large eut-square eut-bg-primary-1\" href=\"https:\/\/eccoles.com\/en\/edge-glued-solid-wood-panels\/#calc\" target=\"_self\" style=\"\"><span>Price calculator<\/span><\/a><\/div>[vc_empty_space height=&#8221;50&#8243;][\/vc_column][\/vc_row][vc_row bg_type=&#8221;color&#8221; footer_feature=&#8221;yes&#8221; padding_top=&#8221;80&#8243; padding_bottom=&#8221;130&#8243; margin_bottom=&#8221;0&#8243; bg_color=&#8221;#f7f7f7&#8243;][vc_column]<div class=\"eut-element eut-slogan eut-align-center\" style=\"\"><h2 class=\"eut-slogan-title eut-align-center eut-title-line\"><span>Our strengths<\/span><\/h2><\/div>[vc_row_inner][vc_column_inner width=&#8221;1\/3&#8243;]<div class=\"eut-element eut-box-icon eut-align-center eut-medium nase-odlike\" style=\"\"><div class=\"eut-wrapper-icon eut-no-shape eut-color-grey\"><i class=\"far fa-handshake eut-color-primary-1\"><\/i><\/div>  <div class=\"eut-box-content\">    <div class=\"eut-box-title-wrapper\">      <h3 class=\"eut-box-title\">Sustainability<\/h3>    <\/div>    <p class=\"\">Commitment to sustainability is the cornerstone of our operations, as we strive to use only wood from sustainably managed forests and implement practices that reduce our environmental impact. This ensures that our products contribute to preserving the natural balance and sustainable development.<\/p>  <\/div><\/div>[\/vc_column_inner][vc_column_inner width=&#8221;1\/3&#8243;]<div class=\"eut-element eut-box-icon eut-align-center eut-medium nase-odlike\" style=\"\"><div class=\"eut-wrapper-icon eut-no-shape eut-color-grey\"><i class=\"fas fa-crown eut-color-primary-1\"><\/i><\/div>  <div class=\"eut-box-content\">    <div class=\"eut-box-title-wrapper\">      <h3 class=\"eut-box-title\">Exclusivity and elegance<\/h3>    <\/div>    <p class=\"\">Exclusivity and elegance are indispensable features of our offering, as we focus on creating products that stand out for their uniqueness and aesthetic perfection. Our oak products are not only high-quality and functional but also symbols of prestige and expression of individual style.<\/p>  <\/div><\/div>[\/vc_column_inner][vc_column_inner width=&#8221;1\/3&#8243;]<div class=\"eut-element eut-box-icon eut-align-center eut-medium nase-odlike\" style=\"\"><div class=\"eut-wrapper-icon eut-no-shape eut-color-grey\"><i class=\"fas fa-certificate eut-color-primary-1\"><\/i><\/div>  <div class=\"eut-box-content\">    <div class=\"eut-box-title-wrapper\">      <h3 class=\"eut-box-title\">Premium quality<\/h3>    <\/div>    <p class=\"\">Uncompromising premium quality is our commitment to customers, as we ensure meticulous selection of materials, superior craftsmanship, and thorough inspection of each product before delivery. This ensures that our solid oak products are exceptionally durable, long-lasting, and meet the highest quality standards.<\/p>  <\/div><\/div>[\/vc_column_inner][\/vc_row_inner][\/vc_column][\/vc_row][vc_row bg_type=&#8221;color&#8221; footer_feature=&#8221;yes&#8221; bg_color=&#8221;#bba887&#8243; padding_top=&#8221;50&#8243; margin_bottom=&#8221;150&#8243;][vc_column]<div class=\"eut-element eut-callout eut-btn-right\" style=\"margin-bottom: 50px;\">  <div class=\"eut-callout-wrapper\"><h5 class=\"eut-callout-content\">ARE YOU LOOKING FOR A HIGH-QUALITY SUPPLIER OF SOLID OAK PANELS, FLOORING, OR OAK CHAIRS?<\/h5>  <\/div>  <div class=\"eut-button-wrapper\"><a class=\"eut-btn eut-btn-medium eut-square eut-white-color eut-btn-line\" href=\"https:\/\/eccoles.com\/en\/contact\/\" target=\"_self\" style=\"\"><span>Send enquiry<\/span><\/a>  <\/div><\/div>[\/vc_column][\/vc_row]<\/p>\n<\/div>","protected":false},"excerpt":{"rendered":"<p>[vc_row bg_type=&#8221;color&#8221; header_feature=&#8221;yes&#8221; padding_top=&#8221;100&#8243; padding_bottom=&#8221;120&#8243; margin_bottom=&#8221;0&#8243; bg_color=&#8221;#f7f7f7&#8243;][vc_column][vc_empty_space height=&#8221;25&#8243;][\/vc_column][\/vc_row][vc_row bg_type=&#8221;color&#8221; header_feature=&#8221;yes&#8221; padding_top=&#8221;0&#8243; padding_bottom=&#8221;50&#8243; margin_bottom=&#8221;0&#8243; bg_color=&#8221;#f7f7f7&#8243; el_class=&#8221;ponudba&#8221;][vc_column width=&#8221;1\/2&#8243;][\/vc_column][vc_column width=&#8221;1\/2&#8243;][\/vc_column][\/vc_row][vc_row bg_type=&#8221;color&#8221; header_feature=&#8221;yes&#8221; padding_top=&#8221;100&#8243; padding_bottom=&#8221;120&#8243; margin_bottom=&#8221;0&#8243; bg_color=&#8221;#f7f7f7&#8243; el_class=&#8221;ponudba&#8221;][vc_column width=&#8221;1\/3&#8243;][\/vc_column][vc_column width=&#8221;1\/3&#8243;][\/vc_column][vc_column width=&#8221;1\/3&#8243;][\/vc_column][\/vc_row][vc_row heading_color=&#8221;light&#8221; bg_type=&#8221;image&#8221; bg_image=&#8221;2484&#8243; bg_image_type=&#8221;parallax&#8221; color_overlay=&#8221;dark&#8221; opacity_overlay=&#8221;80&#8243; font_color=&#8221;#ffffff&#8221; padding_top=&#8221;150&#8243; padding_bottom=&#8221;150&#8243; margin_bottom=&#8221;0&#8243;][vc_column css=&#8221;.vc_custom_1450666486729{padding-right: 12% !important;padding-left: 12% !important;}&#8221;][\/vc_column][\/vc_row][vc_row bg_type=&#8221;color&#8221; padding_top=&#8221;50&#8243; padding_bottom=&#8221;50&#8243; margin_bottom=&#8221;0&#8243; bg_color=&#8221;#f7f7f7&#8243;][vc_column width=&#8221;1\/4&#8243;][\/vc_column][vc_column width=&#8221;1\/4&#8243;][\/vc_column][vc_column width=&#8221;1\/4&#8243;][\/vc_column][vc_column width=&#8221;1\/4&#8243;][\/vc_column][\/vc_row][vc_row section_type=&#8221;fullwidth-element&#8221; margin_bottom=&#8221;0&#8243;][vc_column][\/vc_column][\/vc_row][vc_row footer_feature=&#8221;yes&#8221; padding_top=&#8221;120&#8243; [&hellip;]<\/p>\n","protected":false},"author":1,"featured_media":0,"parent":0,"menu_order":0,"comment_status":"closed","ping_status":"closed","template":"","meta":{"footnotes":""},"yoast_head":"<!-- This site is optimized with the Yoast SEO plugin v23.5 - https:\/\/yoast.com\/wordpress\/plugins\/seo\/ -->\n<title>Eccoles | Solid wood panels, parquet and furniture<\/title>\n<meta name=\"description\" content=\"Eccoles - Natural elegance from solid wood. With high-quality wooden products, we create homes that exude elegance and durability.\" \/>\n<meta name=\"robots\" content=\"index, follow, max-snippet:-1, max-image-preview:large, max-video-preview:-1\" \/>\n<link rel=\"canonical\" href=\"https:\/\/eccoles.com\/en\/\" \/>\n<meta property=\"og:locale\" content=\"en_US\" \/>\n<meta property=\"og:type\" content=\"article\" \/>\n<meta property=\"og:title\" content=\"Eccoles | Solid wood panels, parquet and furniture\" \/>\n<meta property=\"og:description\" content=\"Eccoles - Natural elegance from solid wood. With high-quality wooden products, we create homes that exude elegance and durability.\" \/>\n<meta property=\"og:url\" content=\"https:\/\/eccoles.com\/en\/\" \/>\n<meta property=\"og:site_name\" content=\"Eccoles\" \/>\n<meta property=\"article:modified_time\" content=\"2024-03-21T20:25:24+00:00\" \/>\n<meta property=\"og:image\" content=\"https:\/\/eccoles.com\/wp-content\/uploads\/2024\/03\/IMG_7890.jpg\" \/>\n\t<meta property=\"og:image:width\" content=\"1350\" \/>\n\t<meta property=\"og:image:height\" content=\"1800\" \/>\n\t<meta property=\"og:image:type\" content=\"image\/jpeg\" \/>\n<meta name=\"twitter:card\" content=\"summary_large_image\" \/>\n<script type=\"application\/ld+json\" class=\"yoast-schema-graph\">{\"@context\":\"https:\/\/schema.org\",\"@graph\":[{\"@type\":\"WebPage\",\"@id\":\"https:\/\/eccoles.com\/en\/\",\"url\":\"https:\/\/eccoles.com\/en\/\",\"name\":\"Eccoles | Solid wood panels, parquet and furniture\",\"isPartOf\":{\"@id\":\"https:\/\/eccoles.com\/en\/#website\"},\"datePublished\":\"2016-01-03T23:25:57+00:00\",\"dateModified\":\"2024-03-21T20:25:24+00:00\",\"description\":\"Eccoles - Natural elegance from solid wood. With high-quality wooden products, we create homes that exude elegance and durability.\",\"breadcrumb\":{\"@id\":\"https:\/\/eccoles.com\/en\/#breadcrumb\"},\"inLanguage\":\"en-US\",\"potentialAction\":[{\"@type\":\"ReadAction\",\"target\":[\"https:\/\/eccoles.com\/en\/\"]}]},{\"@type\":\"BreadcrumbList\",\"@id\":\"https:\/\/eccoles.com\/en\/#breadcrumb\",\"itemListElement\":[{\"@type\":\"ListItem\",\"position\":1,\"name\":\"Home\",\"item\":\"https:\/\/eccoles.com\/en\/\"},{\"@type\":\"ListItem\",\"position\":2,\"name\":\"Home\"}]},{\"@type\":\"WebSite\",\"@id\":\"https:\/\/eccoles.com\/en\/#website\",\"url\":\"https:\/\/eccoles.com\/en\/\",\"name\":\"Eccoles\",\"description\":\"Masivne plo\u0161\u010de, parket in pohi\u0161tvo\",\"publisher\":{\"@id\":\"https:\/\/eccoles.com\/en\/#organization\"},\"potentialAction\":[{\"@type\":\"SearchAction\",\"target\":{\"@type\":\"EntryPoint\",\"urlTemplate\":\"https:\/\/eccoles.com\/en\/?s={search_term_string}\"},\"query-input\":{\"@type\":\"PropertyValueSpecification\",\"valueRequired\":true,\"valueName\":\"search_term_string\"}}],\"inLanguage\":\"en-US\"},{\"@type\":\"Organization\",\"@id\":\"https:\/\/eccoles.com\/en\/#organization\",\"name\":\"Eccoles\",\"url\":\"https:\/\/eccoles.com\/en\/\",\"logo\":{\"@type\":\"ImageObject\",\"inLanguage\":\"en-US\",\"@id\":\"https:\/\/eccoles.com\/en\/#\/schema\/logo\/image\/\",\"url\":\"https:\/\/eccoles.com\/wp-content\/uploads\/2024\/02\/logo_colored.png\",\"contentUrl\":\"https:\/\/eccoles.com\/wp-content\/uploads\/2024\/02\/logo_colored.png\",\"width\":825,\"height\":194,\"caption\":\"Eccoles\"},\"image\":{\"@id\":\"https:\/\/eccoles.com\/en\/#\/schema\/logo\/image\/\"}}]}<\/script>\n<!-- \/ Yoast SEO plugin. -->","yoast_head_json":{"title":"Eccoles | Solid wood panels, parquet and furniture","description":"Eccoles - Natural elegance from solid wood. With high-quality wooden products, we create homes that exude elegance and durability.","robots":{"index":"index","follow":"follow","max-snippet":"max-snippet:-1","max-image-preview":"max-image-preview:large","max-video-preview":"max-video-preview:-1"},"canonical":"https:\/\/eccoles.com\/en\/","og_locale":"en_US","og_type":"article","og_title":"Eccoles | Solid wood panels, parquet and furniture","og_description":"Eccoles - Natural elegance from solid wood. With high-quality wooden products, we create homes that exude elegance and durability.","og_url":"https:\/\/eccoles.com\/en\/","og_site_name":"Eccoles","article_modified_time":"2024-03-21T20:25:24+00:00","og_image":[{"width":1350,"height":1800,"url":"https:\/\/eccoles.com\/wp-content\/uploads\/2024\/03\/IMG_7890.jpg","type":"image\/jpeg"}],"twitter_card":"summary_large_image","schema":{"@context":"https:\/\/schema.org","@graph":[{"@type":"WebPage","@id":"https:\/\/eccoles.com\/en\/","url":"https:\/\/eccoles.com\/en\/","name":"Eccoles | Solid wood panels, parquet and furniture","isPartOf":{"@id":"https:\/\/eccoles.com\/en\/#website"},"datePublished":"2016-01-03T23:25:57+00:00","dateModified":"2024-03-21T20:25:24+00:00","description":"Eccoles - Natural elegance from solid wood. With high-quality wooden products, we create homes that exude elegance and durability.","breadcrumb":{"@id":"https:\/\/eccoles.com\/en\/#breadcrumb"},"inLanguage":"en-US","potentialAction":[{"@type":"ReadAction","target":["https:\/\/eccoles.com\/en\/"]}]},{"@type":"BreadcrumbList","@id":"https:\/\/eccoles.com\/en\/#breadcrumb","itemListElement":[{"@type":"ListItem","position":1,"name":"Home","item":"https:\/\/eccoles.com\/en\/"},{"@type":"ListItem","position":2,"name":"Home"}]},{"@type":"WebSite","@id":"https:\/\/eccoles.com\/en\/#website","url":"https:\/\/eccoles.com\/en\/","name":"Eccoles","description":"Masivne plo\u0161\u010de, parket in pohi\u0161tvo","publisher":{"@id":"https:\/\/eccoles.com\/en\/#organization"},"potentialAction":[{"@type":"SearchAction","target":{"@type":"EntryPoint","urlTemplate":"https:\/\/eccoles.com\/en\/?s={search_term_string}"},"query-input":{"@type":"PropertyValueSpecification","valueRequired":true,"valueName":"search_term_string"}}],"inLanguage":"en-US"},{"@type":"Organization","@id":"https:\/\/eccoles.com\/en\/#organization","name":"Eccoles","url":"https:\/\/eccoles.com\/en\/","logo":{"@type":"ImageObject","inLanguage":"en-US","@id":"https:\/\/eccoles.com\/en\/#\/schema\/logo\/image\/","url":"https:\/\/eccoles.com\/wp-content\/uploads\/2024\/02\/logo_colored.png","contentUrl":"https:\/\/eccoles.com\/wp-content\/uploads\/2024\/02\/logo_colored.png","width":825,"height":194,"caption":"Eccoles"},"image":{"@id":"https:\/\/eccoles.com\/en\/#\/schema\/logo\/image\/"}}]}},"_links":{"self":[{"href":"https:\/\/eccoles.com\/en\/wp-json\/wp\/v2\/pages\/4626"}],"collection":[{"href":"https:\/\/eccoles.com\/en\/wp-json\/wp\/v2\/pages"}],"about":[{"href":"https:\/\/eccoles.com\/en\/wp-json\/wp\/v2\/types\/page"}],"author":[{"embeddable":true,"href":"https:\/\/eccoles.com\/en\/wp-json\/wp\/v2\/users\/1"}],"replies":[{"embeddable":true,"href":"https:\/\/eccoles.com\/en\/wp-json\/wp\/v2\/comments?post=4626"}],"version-history":[{"count":27,"href":"https:\/\/eccoles.com\/en\/wp-json\/wp\/v2\/pages\/4626\/revisions"}],"predecessor-version":[{"id":4984,"href":"https:\/\/eccoles.com\/en\/wp-json\/wp\/v2\/pages\/4626\/revisions\/4984"}],"wp:attachment":[{"href":"https:\/\/eccoles.com\/en\/wp-json\/wp\/v2\/media?parent=4626"}],"curies":[{"name":"wp","href":"https:\/\/api.w.org\/{rel}","templated":true}]}}