{"id":4813,"date":"2024-02-08T19:33:50","date_gmt":"2024-02-08T19:33:50","guid":{"rendered":"https:\/\/eccoles.com\/massivholzdielen\/"},"modified":"2024-03-18T17:36:15","modified_gmt":"2024-03-18T17:36:15","slug":"massivholzdielen","status":"publish","type":"page","link":"https:\/\/eccoles.com\/de\/massivholzdielen\/","title":{"rendered":"Massivholzdielen"},"content":{"rendered":"<div class=\"wpb-content-wrapper\"><p>[vc_row header_feature=&#8220;yes&#8220; padding_top=&#8220;80&#8243; padding_bottom=&#8220;50&#8243; margin_bottom=&#8220;0&#8243;][vc_column][vc_column_text el_class=&#8220;opis&#8220;]<\/p>\n<p style=\"text-align: center;\"><span style=\"font-weight: 400;\">Bei Eccoles bieten wir Ihnen Qualit\u00e4tsparkett aus massiver Eiche in ausgewogenen Ma\u00dfen f\u00fcr verschiedene R\u00e4ume an. Die richtige Wahl der Parkettma\u00dfe, der gew\u00fcnschten Holzqualit\u00e4t und der Oberfl\u00e4chenbehandlung verwandelt Ihr Interieur in einen eleganten und einladenden Raum mit einem Hauch von nat\u00fcrlichen Materialien. Vor allem in gr\u00f6\u00dferen und offenen R\u00e4umen kommen die Eleganz und die sch\u00f6ne Farbe der Eichen Landhausdielen noch besser zur Geltung. <\/span>Massivholzparkett unterscheidet sich von Mehrschichtparkett dadurch, dass es vollst\u00e4ndig aus Hartholz, in unserem Fall Eiche, besteht. Diese Art von Parkett hat eine l\u00e4ngere Nutzungsdauer.<\/p>\n<p style=\"text-align: center;\"><span style=\"font-weight: 400;\">Wir haben verschiedene Qualit\u00e4ten, Abmessungen, Oberfl\u00e4chenbehandlungen und Farben von Eichen Landhausdielen zur Verf\u00fcgung.<\/span><\/p>\n<p>[\/vc_column_text][vc_empty_space height=&#8220;25&#8243;]<div class=\"eut-element eut-slogan eut-align-center\" style=\"\"><h2 class=\"eut-slogan-title eut-align-center eut-title-line\"><span>SPECIFIKATIONEN VON MASSIVPARKETT<\/span><\/h2><\/div>[vc_raw_html]PHRhYmxlIHN0eWxlPSJib3JkZXItY29sbGFwc2U6IGNvbGxhcHNlOyB3aWR0aDogODAlOyBtYXJnaW46IDAgYXV0bzsgZm9udC1zaXplOiAxNHB4OyI+Cjx0aGVhZD4KPHRyPgo8dGggc3R5bGU9IndpZHRoOiAyNSU7IGJvcmRlcjogMnB4IHNvbGlkIHdoaXRlOyBib3JkZXItYm90dG9tOiAycHggc29saWQgYmxhY2sgIWltcG9ydGFudDsgZm9udC13ZWlnaHQ6IGJvbGQ7IHRleHQtYWxpZ246IGxlZnQ7IGJvcmRlci1yaWdodDogMnB4IHNvbGlkIGJsYWNrOyI+TU9ERUxMPC90aD4KPHRoIHN0eWxlPSJ3aWR0aDogMjUlOyBib3JkZXI6IDJweCBzb2xpZCB3aGl0ZTsgYm9yZGVyLWJvdHRvbTogMnB4IHNvbGlkIGJsYWNrICFpbXBvcnRhbnQ7IHRleHQtYWxpZ246IGxlZnQ7Ij5ESUNLRSAobW0pPC90aD4KPHRoIHN0eWxlPSJ3aWR0aDogMjUlOyBib3JkZXI6IDJweCBzb2xpZCB3aGl0ZTsgYm9yZGVyLWJvdHRvbTogMnB4IHNvbGlkIGJsYWNrICFpbXBvcnRhbnQ7IHRleHQtYWxpZ246IGxlZnQ7Ij5CUkVJVEUgKG1tKTwvdGg+Cjx0aCBzdHlsZT0id2lkdGg6IDI1JTsgYm9yZGVyOiAycHggc29saWQgd2hpdGU7IGJvcmRlci1ib3R0b206IDJweCBzb2xpZCBibGFjayAhaW1wb3J0YW50OyB0ZXh0LWFsaWduOiBsZWZ0OyI+TMOETkdFIChtbSk8L3RoPgo8L3RyPgo8L3RoZWFkPgo8dGJvZHk+Cjx0ciBzdHlsZT0icGFkZGluZzogMTBweCAwOyI+Cjx0ZCBzdHlsZT0id2lkdGg6IDI1JTsgYm9yZGVyOiAycHggc29saWQgd2hpdGU7IGJvcmRlci1ib3R0b206IDJweCBzb2xpZCBibGFjayAhaW1wb3J0YW50OyBmb250LXdlaWdodDogYm9sZDsgdGV4dC1hbGlnbjogbGVmdDsgYm9yZGVyLXJpZ2h0OiAycHggc29saWQgYmxhY2s7Ij5FQ0NPIENMQVNTSUM8L3RkPgo8dGQgc3R5bGU9IndpZHRoOiAyNSU7IGJvcmRlcjogMnB4IHNvbGlkIHdoaXRlOyBib3JkZXItYm90dG9tOiAycHggc29saWQgYmxhY2sgIWltcG9ydGFudDsgdGV4dC1hbGlnbjogbGVmdDsiPjEwLCAxNDwvdGQ+Cjx0ZCBzdHlsZT0id2lkdGg6IDI1JTsgYm9yZGVyOiAycHggc29saWQgd2hpdGU7IGJvcmRlci1ib3R0b206IDJweCBzb2xpZCBibGFjayAhaW1wb3J0YW50OyB0ZXh0LWFsaWduOiBsZWZ0OyI+NTAsIDcwPC90ZD4KPHRkIHN0eWxlPSJ3aWR0aDogMjUlOyBib3JkZXI6IDJweCBzb2xpZCB3aGl0ZTsgYm9yZGVyLWJvdHRvbTogMnB4IHNvbGlkIGJsYWNrICFpbXBvcnRhbnQ7IHRleHQtYWxpZ246IGxlZnQ7Ij4zNTAtNjAwPC90ZD4KPC90cj4KPHRyIHN0eWxlPSJwYWRkaW5nOiAxMHB4IDA7Ij4KPHRkIHN0eWxlPSJ3aWR0aDogMjUlOyBib3JkZXI6IDJweCBzb2xpZCB3aGl0ZTsgYm9yZGVyLWJvdHRvbTogMnB4IHNvbGlkIGJsYWNrICFpbXBvcnRhbnQ7IGZvbnQtd2VpZ2h0OiBib2xkOyB0ZXh0LWFsaWduOiBsZWZ0OyBib3JkZXItcmlnaHQ6IDJweCBzb2xpZCBibGFjazsiPkVDQ08gU1RBTkRBUkQ8L3RkPgo8dGQgc3R5bGU9IndpZHRoOiAyNSU7IGJvcmRlcjogMnB4IHNvbGlkIHdoaXRlOyBib3JkZXItYm90dG9tOiAycHggc29saWQgYmxhY2sgIWltcG9ydGFudDsgdGV4dC1hbGlnbjogbGVmdDsiPjE0PC90ZD4KPHRkIHN0eWxlPSJ3aWR0aDogMjUlOyBib3JkZXI6IDJweCBzb2xpZCB3aGl0ZTsgYm9yZGVyLWJvdHRvbTogMnB4IHNvbGlkIGJsYWNrICFpbXBvcnRhbnQ7IHRleHQtYWxpZ246IGxlZnQ7Ij45MDwvdGQ+Cjx0ZCBzdHlsZT0id2lkdGg6IDI1JTsgYm9yZGVyOiAycHggc29saWQgd2hpdGU7IGJvcmRlci1ib3R0b206IDJweCBzb2xpZCBibGFjayAhaW1wb3J0YW50OyB0ZXh0LWFsaWduOiBsZWZ0OyI+NDUwLTEyMDA8L3RkPgo8L3RyPgo8dHIgc3R5bGU9InBhZGRpbmc6IDEwcHggMDsiPgo8dGQgc3R5bGU9IndpZHRoOiAyNSU7IGJvcmRlcjogMnB4IHNvbGlkIHdoaXRlOyBmb250LXdlaWdodDogYm9sZDsgdGV4dC1hbGlnbjogbGVmdDsgYm9yZGVyLXJpZ2h0OiAycHggc29saWQgYmxhY2s7Ij5FQ0NPIFBSRVNUSUdFPC90ZD4KPHRkIHN0eWxlPSJ3aWR0aDogMjUlOyBib3JkZXI6IDJweCBzb2xpZCB3aGl0ZTsgdGV4dC1hbGlnbjogbGVmdDsiPjE0LCAyMTwvdGQ+Cjx0ZCBzdHlsZT0id2lkdGg6IDI1JTsgYm9yZGVyOiAycHggc29saWQgd2hpdGU7IHRleHQtYWxpZ246IGxlZnQ7Ij4xMjAsIDE0MCwgMTYwLCAxODAsIDIwMDwvdGQ+Cjx0ZCBzdHlsZT0id2lkdGg6IDI1JTsgYm9yZGVyOiAycHggc29saWQgd2hpdGU7IHRleHQtYWxpZ246IGxlZnQ7Ij40MDAtMjQwMDwvdGQ+CjwvdHI+CjwvdGJvZHk+CjwvdGFibGU+Cg==[\/vc_raw_html][vc_column_text]<\/p>\n<p style=\"text-align: center;\"><span style=\"font-weight: 400;\">Oberfl\u00e4chenbehandlung: unbehandelt, lackiert, ge\u00f6lt<br \/>\n<\/span><span style=\"font-weight: 400;\">Holzqualit\u00e4ten: Select, Natur, Rustikal<\/span><\/p>\n<p>[\/vc_column_text][vc_empty_space height=&#8220;10&#8243;][vc_column_text]<span style=\"font-weight: 400;\">Bei der Oberfl\u00e4chenbehandlung von Eichendielen, also Lackierung oder \u00d6lung, besteht die M\u00f6glichkeit, zwischen verschiedenen Farbt\u00f6nen zu w\u00e4hlen, von hellen bis dunklen Farbt\u00f6nen. Senden Sie uns eine Nachricht an <\/span><a href=\"mailto:info@eccoles.com\"><span style=\"font-weight: 400;\">info@eccoles.com, <\/span><\/a><span style=\"font-weight: 400;\">und wir helfen Ihnen bei der Auswahl des passenden Eichenparkett.<\/span><\/p>\n<p><span style=\"font-weight: 400;\">Wir bieten auch thermisch behandeltes Holz an, das widerstandsf\u00e4higer gegen \u00e4u\u00dfere Einfl\u00fcsse ist und gleichzeitig dunklere Farbt\u00f6ne annimmt. Die thermische Behandlung des Holzes ist eine innovative finnische Technologie, die unserem Produkt eine h\u00f6here Qualit\u00e4t und Ihrem Raum ein neues Ma\u00df an Eleganz verleiht.<\/span>[\/vc_column_text][vc_empty_space height=&#8220;10&#8243;][\/vc_column][\/vc_row][vc_row bg_type=&#8220;color&#8220; footer_feature=&#8220;yes&#8220; bg_color=&#8220;#bba887&#8243; padding_top=&#8220;50&#8243;][vc_column]<div class=\"eut-element eut-callout eut-btn-right\" style=\"margin-bottom: 50px;\">  <div class=\"eut-callout-wrapper\"><h5 class=\"eut-callout-content\">SIND SIE AUF DER SUCHE NACH EINEM HOCHWERTIGEN LIEFERANTEN VON MASSIVHOLZPLATTEN, PARKETT ODER EICHENST\u00dcHLEN?<\/h5>  <\/div>  <div class=\"eut-button-wrapper\"><a class=\"eut-btn eut-btn-medium eut-square eut-white-color eut-btn-line\" href=\"https:\/\/eccoles.com\/de\/kontakt\/\" target=\"_self\" style=\"\"><span>ANFRAGE SENDEN<\/span><\/a>  <\/div><\/div>[\/vc_column][\/vc_row]<\/p>\n<\/div>","protected":false},"excerpt":{"rendered":"<p>[vc_row header_feature=&#8220;yes&#8220; padding_top=&#8220;80&#8243; padding_bottom=&#8220;50&#8243; margin_bottom=&#8220;0&#8243;][vc_column][vc_column_text el_class=&#8220;opis&#8220;] Bei Eccoles bieten wir Ihnen Qualit\u00e4tsparkett aus massiver Eiche in ausgewogenen Ma\u00dfen f\u00fcr verschiedene R\u00e4ume an. Die richtige Wahl der Parkettma\u00dfe, der gew\u00fcnschten Holzqualit\u00e4t und der Oberfl\u00e4chenbehandlung verwandelt Ihr Interieur in einen eleganten und einladenden Raum mit einem Hauch von nat\u00fcrlichen Materialien. Vor allem in gr\u00f6\u00dferen und offenen R\u00e4umen [&hellip;]<\/p>\n","protected":false},"author":1,"featured_media":0,"parent":0,"menu_order":0,"comment_status":"closed","ping_status":"closed","template":"","meta":{"footnotes":""},"yoast_head":"<!-- This site is optimized with the Yoast SEO plugin v23.5 - https:\/\/yoast.com\/wordpress\/plugins\/seo\/ -->\n<title>Massivholzdielen | Eccoles<\/title>\n<meta name=\"description\" content=\"Bei Eccoles bieten wir Ihnen Qualit\u00e4tsparkett aus massiver Eiche in ausgewogenen Ma\u00dfen f\u00fcr verschiedene R\u00e4ume an.\" \/>\n<meta name=\"robots\" content=\"index, follow, max-snippet:-1, max-image-preview:large, max-video-preview:-1\" \/>\n<link rel=\"canonical\" href=\"https:\/\/eccoles.com\/de\/massivholzdielen\/\" \/>\n<meta property=\"og:locale\" content=\"de_DE\" \/>\n<meta property=\"og:type\" content=\"article\" \/>\n<meta property=\"og:title\" content=\"Massivholzdielen | Eccoles\" \/>\n<meta property=\"og:description\" content=\"Bei Eccoles bieten wir Ihnen Qualit\u00e4tsparkett aus massiver Eiche in ausgewogenen Ma\u00dfen f\u00fcr verschiedene R\u00e4ume an.\" \/>\n<meta property=\"og:url\" content=\"https:\/\/eccoles.com\/de\/massivholzdielen\/\" \/>\n<meta property=\"og:site_name\" content=\"Eccoles\" \/>\n<meta property=\"article:modified_time\" content=\"2024-03-18T17:36:15+00:00\" \/>\n<meta property=\"og:image\" content=\"https:\/\/eccoles.com\/wp-content\/uploads\/2024\/03\/IMG_7890.jpg\" \/>\n\t<meta property=\"og:image:width\" content=\"1350\" \/>\n\t<meta property=\"og:image:height\" content=\"1800\" \/>\n\t<meta property=\"og:image:type\" content=\"image\/jpeg\" \/>\n<meta name=\"twitter:card\" content=\"summary_large_image\" \/>\n<script type=\"application\/ld+json\" class=\"yoast-schema-graph\">{\"@context\":\"https:\/\/schema.org\",\"@graph\":[{\"@type\":\"WebPage\",\"@id\":\"https:\/\/eccoles.com\/de\/massivholzdielen\/\",\"url\":\"https:\/\/eccoles.com\/de\/massivholzdielen\/\",\"name\":\"Massivholzdielen | Eccoles\",\"isPartOf\":{\"@id\":\"https:\/\/eccoles.com\/de\/#website\"},\"datePublished\":\"2024-02-08T19:33:50+00:00\",\"dateModified\":\"2024-03-18T17:36:15+00:00\",\"description\":\"Bei Eccoles bieten wir Ihnen Qualit\u00e4tsparkett aus massiver Eiche in ausgewogenen Ma\u00dfen f\u00fcr verschiedene R\u00e4ume an.\",\"breadcrumb\":{\"@id\":\"https:\/\/eccoles.com\/de\/massivholzdielen\/#breadcrumb\"},\"inLanguage\":\"de\",\"potentialAction\":[{\"@type\":\"ReadAction\",\"target\":[\"https:\/\/eccoles.com\/de\/massivholzdielen\/\"]}]},{\"@type\":\"BreadcrumbList\",\"@id\":\"https:\/\/eccoles.com\/de\/massivholzdielen\/#breadcrumb\",\"itemListElement\":[{\"@type\":\"ListItem\",\"position\":1,\"name\":\"Home\",\"item\":\"https:\/\/eccoles.com\/de\/\"},{\"@type\":\"ListItem\",\"position\":2,\"name\":\"Massivholzdielen\"}]},{\"@type\":\"WebSite\",\"@id\":\"https:\/\/eccoles.com\/de\/#website\",\"url\":\"https:\/\/eccoles.com\/de\/\",\"name\":\"Eccoles\",\"description\":\"Masivne plo\u0161\u010de, parket in pohi\u0161tvo\",\"publisher\":{\"@id\":\"https:\/\/eccoles.com\/de\/#organization\"},\"potentialAction\":[{\"@type\":\"SearchAction\",\"target\":{\"@type\":\"EntryPoint\",\"urlTemplate\":\"https:\/\/eccoles.com\/de\/?s={search_term_string}\"},\"query-input\":{\"@type\":\"PropertyValueSpecification\",\"valueRequired\":true,\"valueName\":\"search_term_string\"}}],\"inLanguage\":\"de\"},{\"@type\":\"Organization\",\"@id\":\"https:\/\/eccoles.com\/de\/#organization\",\"name\":\"Eccoles\",\"url\":\"https:\/\/eccoles.com\/de\/\",\"logo\":{\"@type\":\"ImageObject\",\"inLanguage\":\"de\",\"@id\":\"https:\/\/eccoles.com\/de\/#\/schema\/logo\/image\/\",\"url\":\"https:\/\/eccoles.com\/wp-content\/uploads\/2024\/02\/logo_colored.png\",\"contentUrl\":\"https:\/\/eccoles.com\/wp-content\/uploads\/2024\/02\/logo_colored.png\",\"width\":825,\"height\":194,\"caption\":\"Eccoles\"},\"image\":{\"@id\":\"https:\/\/eccoles.com\/de\/#\/schema\/logo\/image\/\"}}]}<\/script>\n<!-- \/ Yoast SEO plugin. -->","yoast_head_json":{"title":"Massivholzdielen | Eccoles","description":"Bei Eccoles bieten wir Ihnen Qualit\u00e4tsparkett aus massiver Eiche in ausgewogenen Ma\u00dfen f\u00fcr verschiedene R\u00e4ume an.","robots":{"index":"index","follow":"follow","max-snippet":"max-snippet:-1","max-image-preview":"max-image-preview:large","max-video-preview":"max-video-preview:-1"},"canonical":"https:\/\/eccoles.com\/de\/massivholzdielen\/","og_locale":"de_DE","og_type":"article","og_title":"Massivholzdielen | Eccoles","og_description":"Bei Eccoles bieten wir Ihnen Qualit\u00e4tsparkett aus massiver Eiche in ausgewogenen Ma\u00dfen f\u00fcr verschiedene R\u00e4ume an.","og_url":"https:\/\/eccoles.com\/de\/massivholzdielen\/","og_site_name":"Eccoles","article_modified_time":"2024-03-18T17:36:15+00:00","og_image":[{"width":1350,"height":1800,"url":"https:\/\/eccoles.com\/wp-content\/uploads\/2024\/03\/IMG_7890.jpg","type":"image\/jpeg"}],"twitter_card":"summary_large_image","schema":{"@context":"https:\/\/schema.org","@graph":[{"@type":"WebPage","@id":"https:\/\/eccoles.com\/de\/massivholzdielen\/","url":"https:\/\/eccoles.com\/de\/massivholzdielen\/","name":"Massivholzdielen | Eccoles","isPartOf":{"@id":"https:\/\/eccoles.com\/de\/#website"},"datePublished":"2024-02-08T19:33:50+00:00","dateModified":"2024-03-18T17:36:15+00:00","description":"Bei Eccoles bieten wir Ihnen Qualit\u00e4tsparkett aus massiver Eiche in ausgewogenen Ma\u00dfen f\u00fcr verschiedene R\u00e4ume an.","breadcrumb":{"@id":"https:\/\/eccoles.com\/de\/massivholzdielen\/#breadcrumb"},"inLanguage":"de","potentialAction":[{"@type":"ReadAction","target":["https:\/\/eccoles.com\/de\/massivholzdielen\/"]}]},{"@type":"BreadcrumbList","@id":"https:\/\/eccoles.com\/de\/massivholzdielen\/#breadcrumb","itemListElement":[{"@type":"ListItem","position":1,"name":"Home","item":"https:\/\/eccoles.com\/de\/"},{"@type":"ListItem","position":2,"name":"Massivholzdielen"}]},{"@type":"WebSite","@id":"https:\/\/eccoles.com\/de\/#website","url":"https:\/\/eccoles.com\/de\/","name":"Eccoles","description":"Masivne plo\u0161\u010de, parket in pohi\u0161tvo","publisher":{"@id":"https:\/\/eccoles.com\/de\/#organization"},"potentialAction":[{"@type":"SearchAction","target":{"@type":"EntryPoint","urlTemplate":"https:\/\/eccoles.com\/de\/?s={search_term_string}"},"query-input":{"@type":"PropertyValueSpecification","valueRequired":true,"valueName":"search_term_string"}}],"inLanguage":"de"},{"@type":"Organization","@id":"https:\/\/eccoles.com\/de\/#organization","name":"Eccoles","url":"https:\/\/eccoles.com\/de\/","logo":{"@type":"ImageObject","inLanguage":"de","@id":"https:\/\/eccoles.com\/de\/#\/schema\/logo\/image\/","url":"https:\/\/eccoles.com\/wp-content\/uploads\/2024\/02\/logo_colored.png","contentUrl":"https:\/\/eccoles.com\/wp-content\/uploads\/2024\/02\/logo_colored.png","width":825,"height":194,"caption":"Eccoles"},"image":{"@id":"https:\/\/eccoles.com\/de\/#\/schema\/logo\/image\/"}}]}},"_links":{"self":[{"href":"https:\/\/eccoles.com\/de\/wp-json\/wp\/v2\/pages\/4813"}],"collection":[{"href":"https:\/\/eccoles.com\/de\/wp-json\/wp\/v2\/pages"}],"about":[{"href":"https:\/\/eccoles.com\/de\/wp-json\/wp\/v2\/types\/page"}],"author":[{"embeddable":true,"href":"https:\/\/eccoles.com\/de\/wp-json\/wp\/v2\/users\/1"}],"replies":[{"embeddable":true,"href":"https:\/\/eccoles.com\/de\/wp-json\/wp\/v2\/comments?post=4813"}],"version-history":[{"count":2,"href":"https:\/\/eccoles.com\/de\/wp-json\/wp\/v2\/pages\/4813\/revisions"}],"predecessor-version":[{"id":4815,"href":"https:\/\/eccoles.com\/de\/wp-json\/wp\/v2\/pages\/4813\/revisions\/4815"}],"wp:attachment":[{"href":"https:\/\/eccoles.com\/de\/wp-json\/wp\/v2\/media?parent=4813"}],"curies":[{"name":"wp","href":"https:\/\/api.w.org\/{rel}","templated":true}]}}