{"id":4788,"date":"2024-02-25T17:10:29","date_gmt":"2024-02-25T17:10:29","guid":{"rendered":"https:\/\/eccoles.com\/rundholz\/"},"modified":"2024-03-17T10:50:27","modified_gmt":"2024-03-17T10:50:27","slug":"rundholz","status":"publish","type":"page","link":"https:\/\/eccoles.com\/de\/rundholz\/","title":{"rendered":"Rundholz"},"content":{"rendered":"<div class=\"wpb-content-wrapper\"><p>[vc_row header_feature=&#8220;yes&#8220; padding_top=&#8220;80&#8243; padding_bottom=&#8220;50&#8243; margin_bottom=&#8220;0&#8243;][vc_column][vc_column_text el_class=&#8220;opis&#8220;]<\/p>\n<p style=\"text-align: center;\"><span style=\"font-weight: 400;\">Wir bieten Rundholz aus europ\u00e4ischen Holzarten an, die nach ihrem Verwendungszweck klassifiziert sind. Unsere St\u00e4mme stammen aus den W\u00e4ldern S\u00fcdosteuropas, haupts\u00e4chlich aus Slowenien und den angrenzenden L\u00e4ndern. Je nach Holzart verkaufen wir haupts\u00e4chlich Eichen-, Buchen-, Fichten- und Tannenst\u00e4mme. Selbstverst\u00e4ndlich k\u00f6nnen auch andere Holzarten auf der Grundlage einer spezifischen Nachfrage angeboten werden.<\/span><\/p>\n<p style=\"text-align: center;\"><span style=\"font-weight: 400;\">Unser Holz wird aus Slowenien und den Nachbarl\u00e4ndern bezogen, was eine hohe Qualit\u00e4t gew\u00e4hrleistet und die lokale Wirtschaft unterst\u00fctzt. Wenn Sie ein Qualit\u00e4tserlebnis von der Auswahl des richtigen Holzes bis zur Lieferung w\u00fcnschen, nehmen Sie Kontakt mit uns auf und senden Sie uns noch heute Ihre Anfrage!<\/span><\/p>\n<p>[\/vc_column_text][vc_empty_space height=&#8220;10&#8243;]<div class=\"eut-element eut-align-center\"><a class=\"eut-btn eut-btn-medium eut-square eut-bg-primary-1\" href=\"https:\/\/eccoles.com\/de\/kontakt\/\" target=\"_self\" style=\"\"><span>ANFRAGE SENDEN<\/span><\/a><\/div>[\/vc_column][\/vc_row][vc_row bg_type=&#8220;color&#8220; footer_feature=&#8220;yes&#8220; bg_color=&#8220;#bba887&#8243; padding_top=&#8220;50&#8243;][vc_column]<div class=\"eut-element eut-callout eut-btn-right\" style=\"margin-bottom: 50px;\">  <div class=\"eut-callout-wrapper\"><h5 class=\"eut-callout-content\">SIND SIE AUF DER SUCHE NACH EINEM HOCHWERTIGEN LIEFERANTEN VON MASSIVHOLZPLATTEN, PARKETT ODER EICHENST\u00dcHLEN?<\/h5>  <\/div>  <div class=\"eut-button-wrapper\"><a class=\"eut-btn eut-btn-medium eut-square eut-white-color eut-btn-line\" href=\"https:\/\/eccoles.com\/de\/kontakt\/\" target=\"_self\" style=\"\"><span>ANFRAGE SENDEN<\/span><\/a>  <\/div><\/div>[\/vc_column][\/vc_row]<\/p>\n<\/div>","protected":false},"excerpt":{"rendered":"<p>[vc_row header_feature=&#8220;yes&#8220; padding_top=&#8220;80&#8243; padding_bottom=&#8220;50&#8243; margin_bottom=&#8220;0&#8243;][vc_column][vc_column_text el_class=&#8220;opis&#8220;] Wir bieten Rundholz aus europ\u00e4ischen Holzarten an, die nach ihrem Verwendungszweck klassifiziert sind. Unsere St\u00e4mme stammen aus den W\u00e4ldern S\u00fcdosteuropas, haupts\u00e4chlich aus Slowenien und den angrenzenden L\u00e4ndern. Je nach Holzart verkaufen wir haupts\u00e4chlich Eichen-, Buchen-, Fichten- und Tannenst\u00e4mme. Selbstverst\u00e4ndlich k\u00f6nnen auch andere Holzarten auf der Grundlage einer spezifischen Nachfrage [&hellip;]<\/p>\n","protected":false},"author":1,"featured_media":0,"parent":0,"menu_order":0,"comment_status":"closed","ping_status":"closed","template":"","meta":{"footnotes":""},"yoast_head":"<!-- This site is optimized with the Yoast SEO plugin v23.5 - https:\/\/yoast.com\/wordpress\/plugins\/seo\/ -->\n<title>Rundholz | Eccoles<\/title>\n<meta name=\"description\" content=\"Wir bieten Rundholz aus europ\u00e4ischen Holzarten an.\" \/>\n<meta name=\"robots\" content=\"index, follow, max-snippet:-1, max-image-preview:large, max-video-preview:-1\" \/>\n<link rel=\"canonical\" href=\"https:\/\/eccoles.com\/de\/rundholz\/\" \/>\n<meta property=\"og:locale\" content=\"de_DE\" \/>\n<meta property=\"og:type\" content=\"article\" \/>\n<meta property=\"og:title\" content=\"Rundholz | Eccoles\" \/>\n<meta property=\"og:description\" content=\"Wir bieten Rundholz aus europ\u00e4ischen Holzarten an.\" \/>\n<meta property=\"og:url\" content=\"https:\/\/eccoles.com\/de\/rundholz\/\" \/>\n<meta property=\"og:site_name\" content=\"Eccoles\" \/>\n<meta property=\"article:modified_time\" content=\"2024-03-17T10:50:27+00:00\" \/>\n<meta property=\"og:image\" content=\"https:\/\/eccoles.com\/wp-content\/uploads\/2024\/03\/IMG_7890.jpg\" \/>\n\t<meta property=\"og:image:width\" content=\"1350\" \/>\n\t<meta property=\"og:image:height\" content=\"1800\" \/>\n\t<meta property=\"og:image:type\" content=\"image\/jpeg\" \/>\n<meta name=\"twitter:card\" content=\"summary_large_image\" \/>\n<script type=\"application\/ld+json\" class=\"yoast-schema-graph\">{\"@context\":\"https:\/\/schema.org\",\"@graph\":[{\"@type\":\"WebPage\",\"@id\":\"https:\/\/eccoles.com\/de\/rundholz\/\",\"url\":\"https:\/\/eccoles.com\/de\/rundholz\/\",\"name\":\"Rundholz | Eccoles\",\"isPartOf\":{\"@id\":\"https:\/\/eccoles.com\/de\/#website\"},\"datePublished\":\"2024-02-25T17:10:29+00:00\",\"dateModified\":\"2024-03-17T10:50:27+00:00\",\"description\":\"Wir bieten Rundholz aus europ\u00e4ischen Holzarten an.\",\"breadcrumb\":{\"@id\":\"https:\/\/eccoles.com\/de\/rundholz\/#breadcrumb\"},\"inLanguage\":\"de\",\"potentialAction\":[{\"@type\":\"ReadAction\",\"target\":[\"https:\/\/eccoles.com\/de\/rundholz\/\"]}]},{\"@type\":\"BreadcrumbList\",\"@id\":\"https:\/\/eccoles.com\/de\/rundholz\/#breadcrumb\",\"itemListElement\":[{\"@type\":\"ListItem\",\"position\":1,\"name\":\"Home\",\"item\":\"https:\/\/eccoles.com\/de\/\"},{\"@type\":\"ListItem\",\"position\":2,\"name\":\"Rundholz\"}]},{\"@type\":\"WebSite\",\"@id\":\"https:\/\/eccoles.com\/de\/#website\",\"url\":\"https:\/\/eccoles.com\/de\/\",\"name\":\"Eccoles\",\"description\":\"Masivne plo\u0161\u010de, parket in pohi\u0161tvo\",\"publisher\":{\"@id\":\"https:\/\/eccoles.com\/de\/#organization\"},\"potentialAction\":[{\"@type\":\"SearchAction\",\"target\":{\"@type\":\"EntryPoint\",\"urlTemplate\":\"https:\/\/eccoles.com\/de\/?s={search_term_string}\"},\"query-input\":{\"@type\":\"PropertyValueSpecification\",\"valueRequired\":true,\"valueName\":\"search_term_string\"}}],\"inLanguage\":\"de\"},{\"@type\":\"Organization\",\"@id\":\"https:\/\/eccoles.com\/de\/#organization\",\"name\":\"Eccoles\",\"url\":\"https:\/\/eccoles.com\/de\/\",\"logo\":{\"@type\":\"ImageObject\",\"inLanguage\":\"de\",\"@id\":\"https:\/\/eccoles.com\/de\/#\/schema\/logo\/image\/\",\"url\":\"https:\/\/eccoles.com\/wp-content\/uploads\/2024\/02\/logo_colored.png\",\"contentUrl\":\"https:\/\/eccoles.com\/wp-content\/uploads\/2024\/02\/logo_colored.png\",\"width\":825,\"height\":194,\"caption\":\"Eccoles\"},\"image\":{\"@id\":\"https:\/\/eccoles.com\/de\/#\/schema\/logo\/image\/\"}}]}<\/script>\n<!-- \/ Yoast SEO plugin. -->","yoast_head_json":{"title":"Rundholz | Eccoles","description":"Wir bieten Rundholz aus europ\u00e4ischen Holzarten an.","robots":{"index":"index","follow":"follow","max-snippet":"max-snippet:-1","max-image-preview":"max-image-preview:large","max-video-preview":"max-video-preview:-1"},"canonical":"https:\/\/eccoles.com\/de\/rundholz\/","og_locale":"de_DE","og_type":"article","og_title":"Rundholz | Eccoles","og_description":"Wir bieten Rundholz aus europ\u00e4ischen Holzarten an.","og_url":"https:\/\/eccoles.com\/de\/rundholz\/","og_site_name":"Eccoles","article_modified_time":"2024-03-17T10:50:27+00:00","og_image":[{"width":1350,"height":1800,"url":"https:\/\/eccoles.com\/wp-content\/uploads\/2024\/03\/IMG_7890.jpg","type":"image\/jpeg"}],"twitter_card":"summary_large_image","schema":{"@context":"https:\/\/schema.org","@graph":[{"@type":"WebPage","@id":"https:\/\/eccoles.com\/de\/rundholz\/","url":"https:\/\/eccoles.com\/de\/rundholz\/","name":"Rundholz | Eccoles","isPartOf":{"@id":"https:\/\/eccoles.com\/de\/#website"},"datePublished":"2024-02-25T17:10:29+00:00","dateModified":"2024-03-17T10:50:27+00:00","description":"Wir bieten Rundholz aus europ\u00e4ischen Holzarten an.","breadcrumb":{"@id":"https:\/\/eccoles.com\/de\/rundholz\/#breadcrumb"},"inLanguage":"de","potentialAction":[{"@type":"ReadAction","target":["https:\/\/eccoles.com\/de\/rundholz\/"]}]},{"@type":"BreadcrumbList","@id":"https:\/\/eccoles.com\/de\/rundholz\/#breadcrumb","itemListElement":[{"@type":"ListItem","position":1,"name":"Home","item":"https:\/\/eccoles.com\/de\/"},{"@type":"ListItem","position":2,"name":"Rundholz"}]},{"@type":"WebSite","@id":"https:\/\/eccoles.com\/de\/#website","url":"https:\/\/eccoles.com\/de\/","name":"Eccoles","description":"Masivne plo\u0161\u010de, parket in pohi\u0161tvo","publisher":{"@id":"https:\/\/eccoles.com\/de\/#organization"},"potentialAction":[{"@type":"SearchAction","target":{"@type":"EntryPoint","urlTemplate":"https:\/\/eccoles.com\/de\/?s={search_term_string}"},"query-input":{"@type":"PropertyValueSpecification","valueRequired":true,"valueName":"search_term_string"}}],"inLanguage":"de"},{"@type":"Organization","@id":"https:\/\/eccoles.com\/de\/#organization","name":"Eccoles","url":"https:\/\/eccoles.com\/de\/","logo":{"@type":"ImageObject","inLanguage":"de","@id":"https:\/\/eccoles.com\/de\/#\/schema\/logo\/image\/","url":"https:\/\/eccoles.com\/wp-content\/uploads\/2024\/02\/logo_colored.png","contentUrl":"https:\/\/eccoles.com\/wp-content\/uploads\/2024\/02\/logo_colored.png","width":825,"height":194,"caption":"Eccoles"},"image":{"@id":"https:\/\/eccoles.com\/de\/#\/schema\/logo\/image\/"}}]}},"_links":{"self":[{"href":"https:\/\/eccoles.com\/de\/wp-json\/wp\/v2\/pages\/4788"}],"collection":[{"href":"https:\/\/eccoles.com\/de\/wp-json\/wp\/v2\/pages"}],"about":[{"href":"https:\/\/eccoles.com\/de\/wp-json\/wp\/v2\/types\/page"}],"author":[{"embeddable":true,"href":"https:\/\/eccoles.com\/de\/wp-json\/wp\/v2\/users\/1"}],"replies":[{"embeddable":true,"href":"https:\/\/eccoles.com\/de\/wp-json\/wp\/v2\/comments?post=4788"}],"version-history":[{"count":2,"href":"https:\/\/eccoles.com\/de\/wp-json\/wp\/v2\/pages\/4788\/revisions"}],"predecessor-version":[{"id":4790,"href":"https:\/\/eccoles.com\/de\/wp-json\/wp\/v2\/pages\/4788\/revisions\/4790"}],"wp:attachment":[{"href":"https:\/\/eccoles.com\/de\/wp-json\/wp\/v2\/media?parent=4788"}],"curies":[{"name":"wp","href":"https:\/\/api.w.org\/{rel}","templated":true}]}}