{"id":4770,"date":"2015-11-26T14:39:50","date_gmt":"2015-11-26T14:39:50","guid":{"rendered":"https:\/\/eccoles.com\/kontakt\/"},"modified":"2025-03-17T19:36:44","modified_gmt":"2025-03-17T19:36:44","slug":"kontakt","status":"publish","type":"page","link":"https:\/\/eccoles.com\/de\/kontakt\/","title":{"rendered":"Kontakt"},"content":{"rendered":"<div class=\"wpb-content-wrapper\"><p>[vc_row section_type=&#8220;fullwidth-element&#8220; header_feature=&#8220;yes&#8220; footer_feature=&#8220;yes&#8220; flex_height=&#8220;yes&#8220;][vc_column width=&#8220;1\/6&#8243; tablet_sm_width=&#8220;1&#8243; css=&#8220;.vc_custom_1707245491857{padding-top: 5% !important;padding-right: 5% !important;padding-bottom: 5% !important;padding-left: 5% !important;}&#8220;][\/vc_column][vc_column width=&#8220;2\/3&#8243;][vc_empty_space height=&#8220;100&#8243;][\/vc_column][vc_column width=&#8220;1\/6&#8243;][\/vc_column][\/vc_row][vc_row header_feature=&#8220;yes&#8220; footer_feature=&#8220;yes&#8220; flex_height=&#8220;yes&#8220; padding_bottom=&#8220;100&#8243;][vc_column][vc_row_inner][vc_column_inner width=&#8220;1\/2&#8243; css=&#8220;.vc_custom_1707246119084{padding-right: 20px !important;}&#8220;]<div class=\"eut-element eut-slogan eut-align-left\" style=\"\"><h2 class=\"eut-slogan-title eut-align-left eut-title-no-line\"><span>Kontakt<\/span><\/h2><\/div>[vc_column_text el_class=&#8220;kontakt&#8220; css=&#8220;.vc_custom_1742218516575{padding-top: 15px !important;}&#8220;]<span style=\"font-weight: 400;\">Sind Sie an unserem Angebot interessiert?<\/span><span style=\"font-weight: 400;\"><br \/>\n<\/span><span style=\"font-weight: 400;\">Haben Sie eine konkrete Anfrage?<\/span><\/p>\n<p><span style=\"font-weight: 400;\">Kontaktieren Sie uns und wir helfen Ihnen gerne weiter!<\/span><\/p>\n<p><i class=\"fa-solid fa-phone\"><\/i><a href=\"tel:0038630362222\"><strong>+386 30 362 222  <\/strong><\/a><br \/>\n<i class=\"fa-solid fa-envelope\"><\/i> <a href=\"mailto:info@eccoles.com\"><strong>info@eccoles.com<\/strong><\/a><\/p>\n<p><span style=\"font-weight: 400;\">RAUTER d.o.o.<br \/>\n<\/span><span style=\"font-weight: 400;\">Ulica 4. novembra 15<br \/>\n<\/span><span style=\"font-weight: 400;\">2352 Selnica ob Dravi<br \/>\n<\/span><span style=\"font-weight: 400;\">Slovenija<\/span><\/p>\n<p><span style=\"font-weight: 400;\">Wir sind montags bis freitags zwischen 8:00 und 16:00 Uhr erreichbar.<br \/>\nSie k\u00f6nnen innerhalb von drei Werktagen eine Antwort auf Ihre E-Mails erwarten.<\/span>[\/vc_column_text][\/vc_column_inner][vc_column_inner el_class=&#8220;kontaktni-obrazec&#8220; width=&#8220;1\/2&#8243; css=&#8220;.vc_custom_1708850085353{padding-left: 20px !important;}&#8220;]<div class=\"eut-element eut-slogan eut-align-left\" style=\"\"><h2 class=\"eut-slogan-title eut-align-left eut-title-no-line\"><span>SENDEN SIE UNS EINE ANFRAGE<\/span><\/h2><\/div>[vc_raw_html]W3dwZm9ybXMgaWQ9IjI4MTEiXQ==[\/vc_raw_html][\/vc_column_inner][\/vc_row_inner][\/vc_column][\/vc_row][vc_row desktop_visibility=&#8220;hide&#8220;][vc_column][vc_empty_space height=&#8220;100&#8243;][\/vc_column][\/vc_row]<\/p>\n<\/div>","protected":false},"excerpt":{"rendered":"<p>[vc_row section_type=&#8220;fullwidth-element&#8220; header_feature=&#8220;yes&#8220; footer_feature=&#8220;yes&#8220; flex_height=&#8220;yes&#8220;][vc_column width=&#8220;1\/6&#8243; tablet_sm_width=&#8220;1&#8243; css=&#8220;.vc_custom_1707245491857{padding-top: 5% !important;padding-right: 5% !important;padding-bottom: 5% !important;padding-left: 5% !important;}&#8220;][\/vc_column][vc_column width=&#8220;2\/3&#8243;][vc_empty_space height=&#8220;100&#8243;][\/vc_column][vc_column width=&#8220;1\/6&#8243;][\/vc_column][\/vc_row][vc_row header_feature=&#8220;yes&#8220; footer_feature=&#8220;yes&#8220; flex_height=&#8220;yes&#8220; padding_bottom=&#8220;100&#8243;][vc_column][vc_row_inner][vc_column_inner width=&#8220;1\/2&#8243; css=&#8220;.vc_custom_1707246119084{padding-right: 20px !important;}&#8220;][vc_column_text el_class=&#8220;kontakt&#8220; css=&#8220;.vc_custom_1742218516575{padding-top: 15px !important;}&#8220;]Sind Sie an unserem Angebot interessiert? Haben Sie eine konkrete Anfrage? Kontaktieren Sie uns und wir helfen Ihnen gerne weiter! +386 30 362 222 info@eccoles.com [&hellip;]<\/p>\n","protected":false},"author":1,"featured_media":0,"parent":0,"menu_order":0,"comment_status":"closed","ping_status":"closed","template":"","meta":{"footnotes":""},"yoast_head":"<!-- This site is optimized with the Yoast SEO plugin v23.5 - https:\/\/yoast.com\/wordpress\/plugins\/seo\/ -->\n<title>Kontakt | Eccoles<\/title>\n<meta name=\"description\" content=\"Sind Sie an unserem Angebot interessiert? Haben Sie eine konkrete Anfrage? Kontaktieren Sie uns und wir helfen Ihnen gerne weiter!\" \/>\n<meta name=\"robots\" content=\"index, follow, max-snippet:-1, max-image-preview:large, max-video-preview:-1\" \/>\n<link rel=\"canonical\" href=\"https:\/\/eccoles.com\/de\/kontakt\/\" \/>\n<meta property=\"og:locale\" content=\"de_DE\" \/>\n<meta property=\"og:type\" content=\"article\" \/>\n<meta property=\"og:title\" content=\"Kontakt | Eccoles\" \/>\n<meta property=\"og:description\" content=\"Sind Sie an unserem Angebot interessiert? Haben Sie eine konkrete Anfrage? Kontaktieren Sie uns und wir helfen Ihnen gerne weiter!\" \/>\n<meta property=\"og:url\" content=\"https:\/\/eccoles.com\/de\/kontakt\/\" \/>\n<meta property=\"og:site_name\" content=\"Eccoles\" \/>\n<meta property=\"article:modified_time\" content=\"2025-03-17T19:36:44+00:00\" \/>\n<meta property=\"og:image\" content=\"https:\/\/eccoles.com\/wp-content\/uploads\/2024\/03\/IMG_7890.jpg\" \/>\n\t<meta property=\"og:image:width\" content=\"1350\" \/>\n\t<meta property=\"og:image:height\" content=\"1800\" \/>\n\t<meta property=\"og:image:type\" content=\"image\/jpeg\" \/>\n<meta name=\"twitter:card\" content=\"summary_large_image\" \/>\n<script type=\"application\/ld+json\" class=\"yoast-schema-graph\">{\"@context\":\"https:\/\/schema.org\",\"@graph\":[{\"@type\":\"WebPage\",\"@id\":\"https:\/\/eccoles.com\/de\/kontakt\/\",\"url\":\"https:\/\/eccoles.com\/de\/kontakt\/\",\"name\":\"Kontakt | Eccoles\",\"isPartOf\":{\"@id\":\"https:\/\/eccoles.com\/de\/#website\"},\"datePublished\":\"2015-11-26T14:39:50+00:00\",\"dateModified\":\"2025-03-17T19:36:44+00:00\",\"description\":\"Sind Sie an unserem Angebot interessiert? Haben Sie eine konkrete Anfrage? Kontaktieren Sie uns und wir helfen Ihnen gerne weiter!\",\"breadcrumb\":{\"@id\":\"https:\/\/eccoles.com\/de\/kontakt\/#breadcrumb\"},\"inLanguage\":\"de\",\"potentialAction\":[{\"@type\":\"ReadAction\",\"target\":[\"https:\/\/eccoles.com\/de\/kontakt\/\"]}]},{\"@type\":\"BreadcrumbList\",\"@id\":\"https:\/\/eccoles.com\/de\/kontakt\/#breadcrumb\",\"itemListElement\":[{\"@type\":\"ListItem\",\"position\":1,\"name\":\"Home\",\"item\":\"https:\/\/eccoles.com\/de\/\"},{\"@type\":\"ListItem\",\"position\":2,\"name\":\"Kontakt\"}]},{\"@type\":\"WebSite\",\"@id\":\"https:\/\/eccoles.com\/de\/#website\",\"url\":\"https:\/\/eccoles.com\/de\/\",\"name\":\"Eccoles\",\"description\":\"Masivne plo\u0161\u010de, parket in pohi\u0161tvo\",\"publisher\":{\"@id\":\"https:\/\/eccoles.com\/de\/#organization\"},\"potentialAction\":[{\"@type\":\"SearchAction\",\"target\":{\"@type\":\"EntryPoint\",\"urlTemplate\":\"https:\/\/eccoles.com\/de\/?s={search_term_string}\"},\"query-input\":{\"@type\":\"PropertyValueSpecification\",\"valueRequired\":true,\"valueName\":\"search_term_string\"}}],\"inLanguage\":\"de\"},{\"@type\":\"Organization\",\"@id\":\"https:\/\/eccoles.com\/de\/#organization\",\"name\":\"Eccoles\",\"url\":\"https:\/\/eccoles.com\/de\/\",\"logo\":{\"@type\":\"ImageObject\",\"inLanguage\":\"de\",\"@id\":\"https:\/\/eccoles.com\/de\/#\/schema\/logo\/image\/\",\"url\":\"https:\/\/eccoles.com\/wp-content\/uploads\/2024\/02\/logo_colored.png\",\"contentUrl\":\"https:\/\/eccoles.com\/wp-content\/uploads\/2024\/02\/logo_colored.png\",\"width\":825,\"height\":194,\"caption\":\"Eccoles\"},\"image\":{\"@id\":\"https:\/\/eccoles.com\/de\/#\/schema\/logo\/image\/\"}}]}<\/script>\n<!-- \/ Yoast SEO plugin. -->","yoast_head_json":{"title":"Kontakt | Eccoles","description":"Sind Sie an unserem Angebot interessiert? Haben Sie eine konkrete Anfrage? Kontaktieren Sie uns und wir helfen Ihnen gerne weiter!","robots":{"index":"index","follow":"follow","max-snippet":"max-snippet:-1","max-image-preview":"max-image-preview:large","max-video-preview":"max-video-preview:-1"},"canonical":"https:\/\/eccoles.com\/de\/kontakt\/","og_locale":"de_DE","og_type":"article","og_title":"Kontakt | Eccoles","og_description":"Sind Sie an unserem Angebot interessiert? Haben Sie eine konkrete Anfrage? Kontaktieren Sie uns und wir helfen Ihnen gerne weiter!","og_url":"https:\/\/eccoles.com\/de\/kontakt\/","og_site_name":"Eccoles","article_modified_time":"2025-03-17T19:36:44+00:00","og_image":[{"width":1350,"height":1800,"url":"https:\/\/eccoles.com\/wp-content\/uploads\/2024\/03\/IMG_7890.jpg","type":"image\/jpeg"}],"twitter_card":"summary_large_image","schema":{"@context":"https:\/\/schema.org","@graph":[{"@type":"WebPage","@id":"https:\/\/eccoles.com\/de\/kontakt\/","url":"https:\/\/eccoles.com\/de\/kontakt\/","name":"Kontakt | Eccoles","isPartOf":{"@id":"https:\/\/eccoles.com\/de\/#website"},"datePublished":"2015-11-26T14:39:50+00:00","dateModified":"2025-03-17T19:36:44+00:00","description":"Sind Sie an unserem Angebot interessiert? Haben Sie eine konkrete Anfrage? Kontaktieren Sie uns und wir helfen Ihnen gerne weiter!","breadcrumb":{"@id":"https:\/\/eccoles.com\/de\/kontakt\/#breadcrumb"},"inLanguage":"de","potentialAction":[{"@type":"ReadAction","target":["https:\/\/eccoles.com\/de\/kontakt\/"]}]},{"@type":"BreadcrumbList","@id":"https:\/\/eccoles.com\/de\/kontakt\/#breadcrumb","itemListElement":[{"@type":"ListItem","position":1,"name":"Home","item":"https:\/\/eccoles.com\/de\/"},{"@type":"ListItem","position":2,"name":"Kontakt"}]},{"@type":"WebSite","@id":"https:\/\/eccoles.com\/de\/#website","url":"https:\/\/eccoles.com\/de\/","name":"Eccoles","description":"Masivne plo\u0161\u010de, parket in pohi\u0161tvo","publisher":{"@id":"https:\/\/eccoles.com\/de\/#organization"},"potentialAction":[{"@type":"SearchAction","target":{"@type":"EntryPoint","urlTemplate":"https:\/\/eccoles.com\/de\/?s={search_term_string}"},"query-input":{"@type":"PropertyValueSpecification","valueRequired":true,"valueName":"search_term_string"}}],"inLanguage":"de"},{"@type":"Organization","@id":"https:\/\/eccoles.com\/de\/#organization","name":"Eccoles","url":"https:\/\/eccoles.com\/de\/","logo":{"@type":"ImageObject","inLanguage":"de","@id":"https:\/\/eccoles.com\/de\/#\/schema\/logo\/image\/","url":"https:\/\/eccoles.com\/wp-content\/uploads\/2024\/02\/logo_colored.png","contentUrl":"https:\/\/eccoles.com\/wp-content\/uploads\/2024\/02\/logo_colored.png","width":825,"height":194,"caption":"Eccoles"},"image":{"@id":"https:\/\/eccoles.com\/de\/#\/schema\/logo\/image\/"}}]}},"_links":{"self":[{"href":"https:\/\/eccoles.com\/de\/wp-json\/wp\/v2\/pages\/4770"}],"collection":[{"href":"https:\/\/eccoles.com\/de\/wp-json\/wp\/v2\/pages"}],"about":[{"href":"https:\/\/eccoles.com\/de\/wp-json\/wp\/v2\/types\/page"}],"author":[{"embeddable":true,"href":"https:\/\/eccoles.com\/de\/wp-json\/wp\/v2\/users\/1"}],"replies":[{"embeddable":true,"href":"https:\/\/eccoles.com\/de\/wp-json\/wp\/v2\/comments?post=4770"}],"version-history":[{"count":7,"href":"https:\/\/eccoles.com\/de\/wp-json\/wp\/v2\/pages\/4770\/revisions"}],"predecessor-version":[{"id":5043,"href":"https:\/\/eccoles.com\/de\/wp-json\/wp\/v2\/pages\/4770\/revisions\/5043"}],"wp:attachment":[{"href":"https:\/\/eccoles.com\/de\/wp-json\/wp\/v2\/media?parent=4770"}],"curies":[{"name":"wp","href":"https:\/\/api.w.org\/{rel}","templated":true}]}}