{"id":4767,"date":"2015-11-25T13:04:59","date_gmt":"2015-11-25T13:04:59","guid":{"rendered":"https:\/\/eccoles.com\/ueber-uns\/"},"modified":"2024-03-19T10:18:21","modified_gmt":"2024-03-19T10:18:21","slug":"ueber-uns","status":"publish","type":"page","link":"https:\/\/eccoles.com\/de\/ueber-uns\/","title":{"rendered":"\u00dcber uns"},"content":{"rendered":"<div class=\"wpb-content-wrapper\"><p>[vc_row header_feature=&#8220;yes&#8220; tablet_visibility=&#8220;hide&#8220; tablet_sm_visibility=&#8220;hide&#8220; mobile_visibility=&#8220;hide&#8220; padding_top=&#8220;0&#8243; padding_bottom=&#8220;0&#8243; margin_bottom=&#8220;0&#8243;][vc_column][vc_empty_space height=&#8220;80&#8243;][\/vc_column][\/vc_row][vc_row header_feature=&#8220;yes&#8220; desktop_visibility=&#8220;hide&#8220; padding_top=&#8220;0&#8243; padding_bottom=&#8220;0&#8243; margin_bottom=&#8220;0&#8243;][vc_column][vc_empty_space height=&#8220;150&#8243;][\/vc_column][\/vc_row][vc_row header_feature=&#8220;yes&#8220; padding_top=&#8220;0&#8243; padding_bottom=&#8220;50&#8243; margin_bottom=&#8220;0&#8243;][vc_column]<h2 class=\"eut-element eut-align-center eut-title-line\" style=\"\"><span>ECCOLES<\/span><\/h2>[vc_column_text]<\/p>\n<p style=\"text-align: center;\"><span style=\"font-weight: 400;\">Die Marke Eccoles wird von dem Familienunternehmen RAUTER d.o.o. aus Slowenien unterst\u00fctzt, genauer gesagt aus der Umgebung von Maribor. Das Unternehmen wurde 2005 gegr\u00fcndet. Wir sind ein slowenischer Anbieter hochwertiger Holzprodukte f\u00fcr die M\u00f6bel- und Bauindustrie. Aufgrund der Qualit\u00e4t unserer Produkte sowie unserer Zuverl\u00e4ssigkeit und Flexibilit\u00e4t erh\u00f6hen wir unsere Pr\u00e4senz sowohl auf dem heimischen als auch auf dem europ\u00e4ischen Markt. <\/span><\/p>\n<p>[\/vc_column_text]<h3 class=\"eut-element eut-align-center eut-title-line\" style=\"\"><span>VERKAUFSSORTIMENT<\/span><\/h3>[vc_column_text]<\/p>\n<p style=\"text-align: center;\"><span style=\"font-weight: 400;\">Unser Sortiment besteht aus Massivholzelementen, wobei der Schwerpunkt auf Leimholzplatten und Parkett liegt. Wir bieten Massivholzplatten mit durchgehende Lamelle und auch mit Keilgezinkte Lamelle. Bei Parkett besteht die Wahl zwischen massivem Einschicht- und Mehrschicht-Eichenparkett. Wir bieten auch Esszimmerst\u00fchle aus Eiche an, die hohen Anspr\u00fcchen an modernes Design und Langlebigkeit gerecht werden.<\/span><\/p>\n<p style=\"text-align: center;\"><span style=\"font-weight: 400;\">Alle unsere Produkte werden aus hochwertigem europ\u00e4ischem Holz aus lokalen W\u00e4ldern in S\u00fcdosteuropa hergestellt. Der Gro\u00dfteil unseres Angebots besteht aus Produkten aus massivem Eichenholz. Aufgrund ihrer St\u00e4rke, Langlebigkeit und \u00c4sthetik geh\u00f6ren Eichenprodukte zu den beliebtesten und gesch\u00e4tztesten Produkten sowohl auf dem europ\u00e4ischen als auch auf dem globalen Markt.<\/span><\/p>\n<p>[\/vc_column_text][\/vc_column][\/vc_row][vc_row header_feature=&#8220;yes&#8220; padding_bottom=&#8220;50&#8243; margin_bottom=&#8220;0&#8243; padding_top=&#8220;100&#8243;][vc_column]<div class=\"eut-element eut-align-center\"><a class=\"eut-btn eut-btn-medium eut-square eut-bg-primary-1\" href=\"https:\/\/eccoles.com\/de\/kontakt\/\" target=\"_self\" style=\"\"><span>ANFRAGE SENDEN<\/span><\/a><\/div>[\/vc_column][\/vc_row][vc_row heading_color=&#8220;light&#8220; bg_type=&#8220;image&#8220; bg_image=&#8220;1853&#8243; bg_image_type=&#8220;parallax&#8220; color_overlay=&#8220;dark&#8220; opacity_overlay=&#8220;80&#8243; font_color=&#8220;#ffffff&#8220; padding_top=&#8220;100&#8243; padding_bottom=&#8220;100&#8243; margin_bottom=&#8220;0&#8243;][vc_column css=&#8220;.vc_custom_1450666486729{padding-right: 12% !important;padding-left: 12% !important;}&#8220;]<h2 class=\"eut-element eut-align-center eut-title-line\" style=\"\"><span>UNSERE KUNDEN SAGEN<\/span><\/h2>\t\t\t<div class=\"eut-element eut-testimonial eut-carousel-element eut-align-center eut-leader-text\" style=\"\" data-slider-speed=\"7000\" data-pagination-speed=\"400\" data-slider-autoheight=\"no\" data-slider-pause=\"no\" data-slider-autoplay=\"yes\">\r\n\r\n\t\t\t\t\t\t<div class=\"eut-testimonial-element\">\r\n\t\t\t\t\t<p>Wir beziehen Massivholzplatten aus Eiche von Eccoles f\u00fcr Treppen, Tische und andere M\u00f6bel. Die Kunden sind wirklich zufrieden mit dem Produkt.<\/p>\n\t\t\t\t\t\t\t\t\t<\/div>\r\n\t\t\t\t\t\t<div class=\"eut-testimonial-element\">\r\n\t\t\t\t\t<p>Sie halten ihr Wort. Was sie sagen, setzen sie um. Sie sind unser zuverl\u00e4ssiger und langj\u00e4hriger Partner f\u00fcr die Beschaffung von massiven Eichenplatten und Eichenparkett.<\/p>\n\t\t\t\t\t\t\t\t\t<\/div>\r\n\t\t\t\t\t\t<div class=\"eut-testimonial-element\">\r\n\t\t\t\t\t<p>Bei Eccoles sch\u00e4tzen wir die Freundlichkeit und schnelle Reaktion der Mitarbeiter.<\/p>\n\t\t\t\t\t\t\t\t\t<\/div>\r\n\t\t\t\t\t\t<div class=\"eut-testimonial-element\">\r\n\t\t\t\t\t<p>Ihre Produkte aus Slawonischer Eiche sind der Wunsch jedes Tischlers oder M\u00f6belunternehmens, sowohl im In- als auch im Ausland. Das Holz ist von hoher Qualit\u00e4t und hervorragend f\u00fcr die weitere Verarbeitung geeignet!<\/p>\n\t\t\t\t\t\t\t\t\t<\/div>\r\n\t\t\t\t\t\t<div class=\"eut-testimonial-element\">\r\n\t\t\t\t\t<p>Wir sind ein Handelsunternehmen aus \u00d6sterreich und arbeiten seit \u00fcber 5 Jahren mit RAUTER d.o.o. (Marke Eccoles) zusammen. Ihre Massivholzplatten und Eichenparkett begeistern unsere Endkunden.<\/p>\n\t\t\t\t\t\t\t\t\t<\/div>\r\n\t\t\t\t\t\t<div class=\"eut-testimonial-element\">\r\n\t\t\t\t\t<p>Gutes Gleichgewicht zwischen Produktqualit\u00e4t und Preis. Spitze Unternehmen.<\/p>\n\t\t\t\t\t\t\t\t\t<\/div>\r\n\t\t\t\t\t\t<div class=\"eut-testimonial-element\">\r\n\t\t\t\t\t<p>In unserer mehrj\u00e4hrigen Zusammenarbeit mit Eccoles haben wir keinerlei Beschwerden. Qualit\u00e4tsprodukte und Zuverl\u00e4ssigkeit bei Lieferungen, liefertreu.<\/p>\n\t\t\t\t\t\t\t\t\t<\/div>\r\n\t\t\t\t\t<\/div>\r\n\r\n\t\t[\/vc_column][\/vc_row][vc_row padding_top=&#8220;50&#8243; padding_bottom=&#8220;0&#8243; margin_bottom=&#8220;0&#8243;][vc_column]<div class=\"eut-element eut-slogan eut-align-center\" style=\"\"><h2 class=\"eut-slogan-title eut-align-center eut-title-no-line\"><span>WARUM WIR - ECCOLES?<\/span><\/h2><\/div>[vc_empty_space height=&#8220;30&#8243;][\/vc_column][\/vc_row][vc_row][vc_column width=&#8220;1\/3&#8243;]<div class=\"eut-element eut-box-icon eut-align-left eut-small\" style=\"\"><div class=\"eut-wrapper-icon eut-no-shape eut-color-grey\"><span class=\"eut-color-white\">1<\/span><\/div>  <div class=\"eut-box-content\">    <div class=\"eut-box-title-wrapper\">      <h4 class=\"eut-box-title\">NACHHALTIGKEIT<\/h4>    <\/div>    <p class=\"\">Unsere Produktlinie legt den Schwerpunkt auf die Verwendung erneuerbarer Ressourcen und demonstriert unser Engagement f\u00fcr nachhaltige Praktiken. Wir bieten umweltfreundliche Holzmaterialien an, die zu einem umweltbewussten Betrieb beitragen.<\/p>  <\/div><\/div>[\/vc_column][vc_column width=&#8220;1\/3&#8243;]<div class=\"eut-element eut-box-icon eut-align-left eut-small\" style=\"\"><div class=\"eut-wrapper-icon eut-no-shape eut-color-grey\"><span class=\"eut-color-white\">1<\/span><\/div>  <div class=\"eut-box-content\">    <div class=\"eut-box-title-wrapper\">      <h4 class=\"eut-box-title\">QUALIT\u00c4T<\/h4>    <\/div>    <p class=\"\">H\u00f6chste Qualit\u00e4t ist unsere Priorit\u00e4t. Eccoles ist ein Synonym f\u00fcr Holzprodukte, die strenge Qualit\u00e4tsstandards erf\u00fcllen.<\/p>  <\/div><\/div>[\/vc_column][vc_column width=&#8220;1\/3&#8243;]<div class=\"eut-element eut-box-icon eut-align-left eut-small\" style=\"\"><div class=\"eut-wrapper-icon eut-no-shape eut-color-grey\"><span class=\"eut-color-white\">1<\/span><\/div>  <div class=\"eut-box-content\">    <div class=\"eut-box-title-wrapper\">      <h4 class=\"eut-box-title\">BREITES ANGEBOT<\/h4>    <\/div>    <p class=\"\">Wir bieten eine Vielzahl von Holzprodukten an. Neben Massivholzplatten k\u00f6nnen wir auch Eichenparkett, Holzst\u00fchle, Schnittholz, Eichenlamellen und andere Holzprodukte anbieten.<\/p>  <\/div><\/div>[\/vc_column][\/vc_row][vc_row padding_bottom=&#8220;0&#8243;][vc_column width=&#8220;1\/3&#8243;]<div class=\"eut-element eut-box-icon eut-align-left eut-small\" style=\"\"><div class=\"eut-wrapper-icon eut-no-shape eut-color-grey\"><span class=\"eut-color-white\">1<\/span><\/div>  <div class=\"eut-box-content\">    <div class=\"eut-box-title-wrapper\">      <h4 class=\"eut-box-title\">ZUVERL\u00c4SSIGE LIEFERKETTE<\/h4>    <\/div>    <p class=\"\">Wir sind ein zuverl\u00e4ssiger Partner, der eine konsistente Lieferkette unterh\u00e4lt, die p\u00fcnktliche Lieferungen gew\u00e4hrleistet. Durch unsere Zuverl\u00e4ssigkeit bauen wir starke Beziehungen zu unseren Kunden auf und haben uns einen Ruf als zuverl\u00e4ssiger Partner erworben.<\/p>  <\/div><\/div>[\/vc_column][vc_column width=&#8220;1\/3&#8243;]<div class=\"eut-element eut-box-icon eut-align-left eut-small\" style=\"\"><div class=\"eut-wrapper-icon eut-no-shape eut-color-grey\"><span class=\"eut-color-white\">1<\/span><\/div>  <div class=\"eut-box-content\">    <div class=\"eut-box-title-wrapper\">      <h4 class=\"eut-box-title\">LANGFRISTIGE PARTNERSCHAFTEN<\/h4>    <\/div>    <p class=\"\">Im Mittelpunkt unseres Ethos steht die Entwicklung dauerhafter Partnerschaften. Wir wollen langfristige Beziehungen zu unseren Kunden aufbauen, die auf gegenseitigem Wachstum und Zufriedenheit beruhen.<\/p>  <\/div><\/div>[\/vc_column][vc_column width=&#8220;1\/3&#8243;]<div class=\"eut-element eut-box-icon eut-align-left eut-small\" style=\"\"><div class=\"eut-wrapper-icon eut-no-shape eut-color-grey\"><span class=\"eut-color-white\">1<\/span><\/div>  <div class=\"eut-box-content\">    <div class=\"eut-box-title-wrapper\">      <h4 class=\"eut-box-title\">FLEXIBILIT\u00c4T<\/h4>    <\/div>    <p class=\"\">Unser hohes Ma\u00df an Flexibilit\u00e4t erm\u00f6glicht es uns, schnell auf spezifische Kundenw\u00fcnsche zu reagieren und unsere Produkte und Dienstleistungen auf die jeweiligen Bed\u00fcrfnisse anzupassen. So k\u00f6nnen wir die Zufriedenheit unserer Kunden sicherstellen und unsere langfristige Partnerschaft mit ihnen st\u00e4rken.<\/p>  <\/div><\/div>[\/vc_column][\/vc_row][vc_row bg_type=&#8220;color&#8220; footer_feature=&#8220;yes&#8220; margin_bottom=&#8220;150&#8243; bg_color=&#8220;#bba887&#8243; padding_top=&#8220;50&#8243; padding_bottom=&#8220;0&#8243;][vc_column]<div class=\"eut-element eut-callout eut-btn-right\" style=\"margin-bottom: 50px;\">  <div class=\"eut-callout-wrapper\"><h5 class=\"eut-callout-content\">SIND SIE AUF DER SUCHE NACH EINEM HOCHWERTIGEN LIEFERANTEN VON MASSIVHOLZPLATTEN, PARKETT ODER EICHENST\u00dcHLEN?<\/h5>  <\/div>  <div class=\"eut-button-wrapper\"><a class=\"eut-btn eut-btn-medium eut-square eut-white-color eut-btn-line\" href=\"https:\/\/eccoles.com\/de\/kontakt\/\" target=\"_self\" style=\"\"><span>ANFRAGE SENDEN<\/span><\/a>  <\/div><\/div>[\/vc_column][\/vc_row]<\/p>\n<\/div>","protected":false},"excerpt":{"rendered":"<p>[vc_row header_feature=&#8220;yes&#8220; tablet_visibility=&#8220;hide&#8220; tablet_sm_visibility=&#8220;hide&#8220; mobile_visibility=&#8220;hide&#8220; padding_top=&#8220;0&#8243; padding_bottom=&#8220;0&#8243; margin_bottom=&#8220;0&#8243;][vc_column][vc_empty_space height=&#8220;80&#8243;][\/vc_column][\/vc_row][vc_row header_feature=&#8220;yes&#8220; desktop_visibility=&#8220;hide&#8220; padding_top=&#8220;0&#8243; padding_bottom=&#8220;0&#8243; margin_bottom=&#8220;0&#8243;][vc_column][vc_empty_space height=&#8220;150&#8243;][\/vc_column][\/vc_row][vc_row header_feature=&#8220;yes&#8220; padding_top=&#8220;0&#8243; padding_bottom=&#8220;50&#8243; margin_bottom=&#8220;0&#8243;][vc_column][vc_column_text] Die Marke Eccoles wird von dem Familienunternehmen RAUTER d.o.o. aus Slowenien unterst\u00fctzt, genauer gesagt aus der Umgebung von Maribor. Das Unternehmen wurde 2005 gegr\u00fcndet. Wir sind ein slowenischer Anbieter hochwertiger Holzprodukte f\u00fcr die M\u00f6bel- und Bauindustrie. [&hellip;]<\/p>\n","protected":false},"author":1,"featured_media":0,"parent":0,"menu_order":0,"comment_status":"closed","ping_status":"closed","template":"","meta":{"footnotes":""},"yoast_head":"<!-- This site is optimized with the Yoast SEO plugin v23.5 - https:\/\/yoast.com\/wordpress\/plugins\/seo\/ -->\n<title>\u00dcber uns | Eccoles<\/title>\n<meta name=\"description\" content=\"Eccoles ist ein slowenischer Lieferant von Qualit\u00e4tsholzprodukten f\u00fcr die M\u00f6bel- und Bauindustrie (Massivholzplatten, Parkett).\" \/>\n<meta name=\"robots\" content=\"index, follow, max-snippet:-1, max-image-preview:large, max-video-preview:-1\" \/>\n<link rel=\"canonical\" href=\"https:\/\/eccoles.com\/de\/ueber-uns\/\" \/>\n<meta property=\"og:locale\" content=\"de_DE\" \/>\n<meta property=\"og:type\" content=\"article\" \/>\n<meta property=\"og:title\" content=\"\u00dcber uns | Eccoles\" \/>\n<meta property=\"og:description\" content=\"Eccoles ist ein slowenischer Lieferant von Qualit\u00e4tsholzprodukten f\u00fcr die M\u00f6bel- und Bauindustrie (Massivholzplatten, Parkett).\" \/>\n<meta property=\"og:url\" content=\"https:\/\/eccoles.com\/de\/ueber-uns\/\" \/>\n<meta property=\"og:site_name\" content=\"Eccoles\" \/>\n<meta property=\"article:modified_time\" content=\"2024-03-19T10:18:21+00:00\" \/>\n<meta property=\"og:image\" content=\"https:\/\/eccoles.com\/wp-content\/uploads\/2024\/03\/IMG_7890.jpg\" \/>\n\t<meta property=\"og:image:width\" content=\"1350\" \/>\n\t<meta property=\"og:image:height\" content=\"1800\" \/>\n\t<meta property=\"og:image:type\" content=\"image\/jpeg\" \/>\n<meta name=\"twitter:card\" content=\"summary_large_image\" \/>\n<script type=\"application\/ld+json\" class=\"yoast-schema-graph\">{\"@context\":\"https:\/\/schema.org\",\"@graph\":[{\"@type\":\"WebPage\",\"@id\":\"https:\/\/eccoles.com\/de\/ueber-uns\/\",\"url\":\"https:\/\/eccoles.com\/de\/ueber-uns\/\",\"name\":\"\u00dcber uns | Eccoles\",\"isPartOf\":{\"@id\":\"https:\/\/eccoles.com\/de\/#website\"},\"datePublished\":\"2015-11-25T13:04:59+00:00\",\"dateModified\":\"2024-03-19T10:18:21+00:00\",\"description\":\"Eccoles ist ein slowenischer Lieferant von Qualit\u00e4tsholzprodukten f\u00fcr die M\u00f6bel- und Bauindustrie (Massivholzplatten, Parkett).\",\"breadcrumb\":{\"@id\":\"https:\/\/eccoles.com\/de\/ueber-uns\/#breadcrumb\"},\"inLanguage\":\"de\",\"potentialAction\":[{\"@type\":\"ReadAction\",\"target\":[\"https:\/\/eccoles.com\/de\/ueber-uns\/\"]}]},{\"@type\":\"BreadcrumbList\",\"@id\":\"https:\/\/eccoles.com\/de\/ueber-uns\/#breadcrumb\",\"itemListElement\":[{\"@type\":\"ListItem\",\"position\":1,\"name\":\"Home\",\"item\":\"https:\/\/eccoles.com\/de\/\"},{\"@type\":\"ListItem\",\"position\":2,\"name\":\"\u00dcber uns\"}]},{\"@type\":\"WebSite\",\"@id\":\"https:\/\/eccoles.com\/de\/#website\",\"url\":\"https:\/\/eccoles.com\/de\/\",\"name\":\"Eccoles\",\"description\":\"Masivne plo\u0161\u010de, parket in pohi\u0161tvo\",\"publisher\":{\"@id\":\"https:\/\/eccoles.com\/de\/#organization\"},\"potentialAction\":[{\"@type\":\"SearchAction\",\"target\":{\"@type\":\"EntryPoint\",\"urlTemplate\":\"https:\/\/eccoles.com\/de\/?s={search_term_string}\"},\"query-input\":{\"@type\":\"PropertyValueSpecification\",\"valueRequired\":true,\"valueName\":\"search_term_string\"}}],\"inLanguage\":\"de\"},{\"@type\":\"Organization\",\"@id\":\"https:\/\/eccoles.com\/de\/#organization\",\"name\":\"Eccoles\",\"url\":\"https:\/\/eccoles.com\/de\/\",\"logo\":{\"@type\":\"ImageObject\",\"inLanguage\":\"de\",\"@id\":\"https:\/\/eccoles.com\/de\/#\/schema\/logo\/image\/\",\"url\":\"https:\/\/eccoles.com\/wp-content\/uploads\/2024\/02\/logo_colored.png\",\"contentUrl\":\"https:\/\/eccoles.com\/wp-content\/uploads\/2024\/02\/logo_colored.png\",\"width\":825,\"height\":194,\"caption\":\"Eccoles\"},\"image\":{\"@id\":\"https:\/\/eccoles.com\/de\/#\/schema\/logo\/image\/\"}}]}<\/script>\n<!-- \/ Yoast SEO plugin. -->","yoast_head_json":{"title":"\u00dcber uns | Eccoles","description":"Eccoles ist ein slowenischer Lieferant von Qualit\u00e4tsholzprodukten f\u00fcr die M\u00f6bel- und Bauindustrie (Massivholzplatten, Parkett).","robots":{"index":"index","follow":"follow","max-snippet":"max-snippet:-1","max-image-preview":"max-image-preview:large","max-video-preview":"max-video-preview:-1"},"canonical":"https:\/\/eccoles.com\/de\/ueber-uns\/","og_locale":"de_DE","og_type":"article","og_title":"\u00dcber uns | Eccoles","og_description":"Eccoles ist ein slowenischer Lieferant von Qualit\u00e4tsholzprodukten f\u00fcr die M\u00f6bel- und Bauindustrie (Massivholzplatten, Parkett).","og_url":"https:\/\/eccoles.com\/de\/ueber-uns\/","og_site_name":"Eccoles","article_modified_time":"2024-03-19T10:18:21+00:00","og_image":[{"width":1350,"height":1800,"url":"https:\/\/eccoles.com\/wp-content\/uploads\/2024\/03\/IMG_7890.jpg","type":"image\/jpeg"}],"twitter_card":"summary_large_image","schema":{"@context":"https:\/\/schema.org","@graph":[{"@type":"WebPage","@id":"https:\/\/eccoles.com\/de\/ueber-uns\/","url":"https:\/\/eccoles.com\/de\/ueber-uns\/","name":"\u00dcber uns | Eccoles","isPartOf":{"@id":"https:\/\/eccoles.com\/de\/#website"},"datePublished":"2015-11-25T13:04:59+00:00","dateModified":"2024-03-19T10:18:21+00:00","description":"Eccoles ist ein slowenischer Lieferant von Qualit\u00e4tsholzprodukten f\u00fcr die M\u00f6bel- und Bauindustrie (Massivholzplatten, Parkett).","breadcrumb":{"@id":"https:\/\/eccoles.com\/de\/ueber-uns\/#breadcrumb"},"inLanguage":"de","potentialAction":[{"@type":"ReadAction","target":["https:\/\/eccoles.com\/de\/ueber-uns\/"]}]},{"@type":"BreadcrumbList","@id":"https:\/\/eccoles.com\/de\/ueber-uns\/#breadcrumb","itemListElement":[{"@type":"ListItem","position":1,"name":"Home","item":"https:\/\/eccoles.com\/de\/"},{"@type":"ListItem","position":2,"name":"\u00dcber uns"}]},{"@type":"WebSite","@id":"https:\/\/eccoles.com\/de\/#website","url":"https:\/\/eccoles.com\/de\/","name":"Eccoles","description":"Masivne plo\u0161\u010de, parket in pohi\u0161tvo","publisher":{"@id":"https:\/\/eccoles.com\/de\/#organization"},"potentialAction":[{"@type":"SearchAction","target":{"@type":"EntryPoint","urlTemplate":"https:\/\/eccoles.com\/de\/?s={search_term_string}"},"query-input":{"@type":"PropertyValueSpecification","valueRequired":true,"valueName":"search_term_string"}}],"inLanguage":"de"},{"@type":"Organization","@id":"https:\/\/eccoles.com\/de\/#organization","name":"Eccoles","url":"https:\/\/eccoles.com\/de\/","logo":{"@type":"ImageObject","inLanguage":"de","@id":"https:\/\/eccoles.com\/de\/#\/schema\/logo\/image\/","url":"https:\/\/eccoles.com\/wp-content\/uploads\/2024\/02\/logo_colored.png","contentUrl":"https:\/\/eccoles.com\/wp-content\/uploads\/2024\/02\/logo_colored.png","width":825,"height":194,"caption":"Eccoles"},"image":{"@id":"https:\/\/eccoles.com\/de\/#\/schema\/logo\/image\/"}}]}},"_links":{"self":[{"href":"https:\/\/eccoles.com\/de\/wp-json\/wp\/v2\/pages\/4767"}],"collection":[{"href":"https:\/\/eccoles.com\/de\/wp-json\/wp\/v2\/pages"}],"about":[{"href":"https:\/\/eccoles.com\/de\/wp-json\/wp\/v2\/types\/page"}],"author":[{"embeddable":true,"href":"https:\/\/eccoles.com\/de\/wp-json\/wp\/v2\/users\/1"}],"replies":[{"embeddable":true,"href":"https:\/\/eccoles.com\/de\/wp-json\/wp\/v2\/comments?post=4767"}],"version-history":[{"count":8,"href":"https:\/\/eccoles.com\/de\/wp-json\/wp\/v2\/pages\/4767\/revisions"}],"predecessor-version":[{"id":4974,"href":"https:\/\/eccoles.com\/de\/wp-json\/wp\/v2\/pages\/4767\/revisions\/4974"}],"wp:attachment":[{"href":"https:\/\/eccoles.com\/de\/wp-json\/wp\/v2\/media?parent=4767"}],"curies":[{"name":"wp","href":"https:\/\/api.w.org\/{rel}","templated":true}]}}