{"id":4758,"date":"2016-01-03T23:25:57","date_gmt":"2016-01-03T23:25:57","guid":{"rendered":"https:\/\/eccoles.com\/startseite\/"},"modified":"2024-03-21T20:28:05","modified_gmt":"2024-03-21T20:28:05","slug":"startseite","status":"publish","type":"page","link":"https:\/\/eccoles.com\/de\/","title":{"rendered":"Startseite"},"content":{"rendered":"<div class=\"wpb-content-wrapper\"><p>[vc_row bg_type=&#8220;color&#8220; header_feature=&#8220;yes&#8220; padding_top=&#8220;100&#8243; padding_bottom=&#8220;120&#8243; margin_bottom=&#8220;0&#8243; bg_color=&#8220;#f7f7f7&#8243;][vc_column]<div class=\"eut-element eut-slogan eut-align-center\" style=\"\"><h2 class=\"eut-slogan-title eut-align-center eut-title-line\"><span>\u00dcBER UNS<\/span><\/h2>  <p class=\"\">Willkommen in der Welt von Eccoles, wo die Qualit\u00e4t heimischen Massivholzes in jedem Produkt zum Vorschein kommt.<br \/>\nEntdecken Sie unsere exklusive Marke, in der Qualit\u00e4t, \u00c4sthetik und Nachhaltigkeit zusammenkommen.<\/p><\/div><div class=\"eut-element eut-slogan eut-align-center\" style=\"\">  <p class=\"\">Mit hochwertigen Holzprodukten schaffen wir H\u00e4user, die Eleganz und Langlebigkeit ausstrahlen. Unsere erstklassigen Artikel &#8211;<br \/>\nMassivholzplatten, Parkett, Terrassenbel\u00e4ge und St\u00fchle &#8211; \u00fcberzeugen mit einer Qualit\u00e4t, die die Erwartungen sowohl<br \/>\nvon Gesch\u00e4ftspartnern als auch von individuellen Kunden erf\u00fcllt.<\/p><\/div>[vc_empty_space height=&#8220;25&#8243;]<div class=\"eut-element eut-slogan eut-align-center\" style=\"\"><h2 class=\"eut-slogan-title eut-align-center eut-title-line\"><span>UNSERE PRODUKTE<\/span><\/h2><\/div>[\/vc_column][\/vc_row][vc_row bg_type=&#8220;color&#8220; header_feature=&#8220;yes&#8220; padding_top=&#8220;0&#8243; padding_bottom=&#8220;50&#8243; margin_bottom=&#8220;0&#8243; bg_color=&#8220;#f7f7f7&#8243; el_class=&#8220;ponudba&#8220;][vc_column width=&#8220;1\/2&#8243;]<div class=\"eut-element eut-image test eut-align-center\" style=\"\"><a href=\"https:\/\/eccoles.com\/de\/massivholzplatten-mit-durchgehende-lamellen\/\" target=\"_self\"><img loading=\"lazy\" decoding=\"async\" width=\"800\" height=\"600\" src=\"https:\/\/eccoles.com\/wp-content\/uploads\/2015\/11\/eccoles-sirinski-spoj-800x600.jpg\" class=\"attachment-engic-eutf-small-rect-horizontal size-engic-eutf-small-rect-horizontal\" alt=\"\" \/><\/a><\/div><h4 class=\"eut-element eut-align-left eut-title-no-line\" style=\"\"><span>MASSIVHOLZPLATTEN MIT DURCHGEHENDE LAMELLEN<\/span><\/h4>[\/vc_column][vc_column width=&#8220;1\/2&#8243;]<div class=\"eut-element eut-image test eut-align-center\" style=\"\"><a href=\"https:\/\/eccoles.com\/de\/massivholzplatten-mit-keilgezinkte-lamellen\/\" target=\"_self\"><img loading=\"lazy\" decoding=\"async\" width=\"800\" height=\"600\" src=\"https:\/\/eccoles.com\/wp-content\/uploads\/2015\/11\/eccoles-dolzinsko-in-sirinsko-lepljene-masivne-plosce-800x600.jpg\" class=\"attachment-engic-eutf-small-rect-horizontal size-engic-eutf-small-rect-horizontal\" alt=\"\" \/><\/a><\/div><h4 class=\"eut-element eut-align-left eut-title-no-line\" style=\"\"><span>MASSIVHOLZPLATTEN MIT KEILGEZINKTE LAMELLEN<\/span><\/h4>[\/vc_column][\/vc_row][vc_row bg_type=&#8220;color&#8220; header_feature=&#8220;yes&#8220; padding_top=&#8220;100&#8243; padding_bottom=&#8220;120&#8243; margin_bottom=&#8220;0&#8243; bg_color=&#8220;#f7f7f7&#8243; el_class=&#8220;ponudba&#8220;][vc_column width=&#8220;1\/3&#8243;]<div class=\"eut-element eut-image test eut-align-center\" style=\"\"><a href=\"https:\/\/eccoles.com\/de\/mehrschichtparkett\/\" target=\"_self\"><img loading=\"lazy\" decoding=\"async\" width=\"800\" height=\"600\" src=\"https:\/\/eccoles.com\/wp-content\/uploads\/2015\/11\/eccoles-Masiven-parket-800x600.jpg\" class=\"attachment-engic-eutf-small-rect-horizontal size-engic-eutf-small-rect-horizontal\" alt=\"\" \/><\/a><\/div><h4 class=\"eut-element eut-align-left eut-title-no-line\" style=\"\"><span>MEHRSCHICHTPARKETT<\/span><\/h4>[\/vc_column][vc_column width=&#8220;1\/3&#8243;]<div class=\"eut-element eut-image test eut-align-center\" style=\"\"><a href=\"https:\/\/eccoles.com\/de\/massivholzdielen\/\" target=\"_self\"><img loading=\"lazy\" decoding=\"async\" width=\"800\" height=\"600\" src=\"https:\/\/eccoles.com\/wp-content\/uploads\/2024\/02\/eccoles-vecslojen-parket-800x600.jpg\" class=\"attachment-engic-eutf-small-rect-horizontal size-engic-eutf-small-rect-horizontal\" alt=\"\" \/><\/a><\/div><h4 class=\"eut-element eut-align-left eut-title-no-line\" style=\"\"><span>MASSIVHOLZDIELEN<\/span><\/h4>[\/vc_column][vc_column width=&#8220;1\/3&#8243;]<div class=\"eut-element eut-image test eut-align-center\" style=\"\"><a href=\"https:\/\/eccoles.com\/de\/stuehle\/\" target=\"_self\"><img loading=\"lazy\" decoding=\"async\" width=\"760\" height=\"600\" src=\"https:\/\/eccoles.com\/wp-content\/uploads\/2015\/11\/eccoles-stoli-1-760x600.jpg\" class=\"attachment-engic-eutf-small-rect-horizontal size-engic-eutf-small-rect-horizontal\" alt=\"\" \/><\/a><\/div><h4 class=\"eut-element eut-align-left eut-title-no-line\" style=\"\"><span>ST\u00dcHLE<\/span><\/h4>[\/vc_column][\/vc_row][vc_row heading_color=&#8220;light&#8220; bg_type=&#8220;image&#8220; bg_image=&#8220;2484&#8243; bg_image_type=&#8220;parallax&#8220; color_overlay=&#8220;dark&#8220; opacity_overlay=&#8220;80&#8243; font_color=&#8220;#ffffff&#8220; padding_top=&#8220;150&#8243; padding_bottom=&#8220;150&#8243; margin_bottom=&#8220;0&#8243;][vc_column css=&#8220;.vc_custom_1450666486729{padding-right: 12% !important;padding-left: 12% !important;}&#8220;]<h2 class=\"eut-element eut-align-center eut-title-line\" style=\"\"><span>UNSERE KUNDEN SAGEN<\/span><\/h2>\t\t\t<div class=\"eut-element eut-testimonial eut-carousel-element eut-align-center eut-leader-text\" style=\"\" data-slider-speed=\"7000\" data-pagination-speed=\"400\" data-slider-autoheight=\"no\" data-slider-pause=\"no\" data-slider-autoplay=\"yes\">\r\n\r\n\t\t\t\t\t\t<div class=\"eut-testimonial-element\">\r\n\t\t\t\t\t<p>Wir beziehen Massivholzplatten aus Eiche von Eccoles f\u00fcr Treppen, Tische und andere M\u00f6bel. Die Kunden sind wirklich zufrieden mit dem Produkt.<\/p>\n\t\t\t\t\t\t\t\t\t<\/div>\r\n\t\t\t\t\t\t<div class=\"eut-testimonial-element\">\r\n\t\t\t\t\t<p>Sie halten ihr Wort. Was sie sagen, setzen sie um. Sie sind unser zuverl\u00e4ssiger und langj\u00e4hriger Partner f\u00fcr die Beschaffung von massiven Eichenplatten und Eichenparkett.<\/p>\n\t\t\t\t\t\t\t\t\t<\/div>\r\n\t\t\t\t\t\t<div class=\"eut-testimonial-element\">\r\n\t\t\t\t\t<p>Bei Eccoles sch\u00e4tzen wir die Freundlichkeit und schnelle Reaktion der Mitarbeiter.<\/p>\n\t\t\t\t\t\t\t\t\t<\/div>\r\n\t\t\t\t\t\t<div class=\"eut-testimonial-element\">\r\n\t\t\t\t\t<p>Ihre Produkte aus Slawonischer Eiche sind der Wunsch jedes Tischlers oder M\u00f6belunternehmens, sowohl im In- als auch im Ausland. Das Holz ist von hoher Qualit\u00e4t und hervorragend f\u00fcr die weitere Verarbeitung geeignet!<\/p>\n\t\t\t\t\t\t\t\t\t<\/div>\r\n\t\t\t\t\t\t<div class=\"eut-testimonial-element\">\r\n\t\t\t\t\t<p>Wir sind ein Handelsunternehmen aus \u00d6sterreich und arbeiten seit \u00fcber 5 Jahren mit RAUTER d.o.o. (Marke Eccoles) zusammen. Ihre Massivholzplatten und Eichenparkett begeistern unsere Endkunden.<\/p>\n\t\t\t\t\t\t\t\t\t<\/div>\r\n\t\t\t\t\t\t<div class=\"eut-testimonial-element\">\r\n\t\t\t\t\t<p>Gutes Gleichgewicht zwischen Produktqualit\u00e4t und Preis. Spitze Unternehmen.<\/p>\n\t\t\t\t\t\t\t\t\t<\/div>\r\n\t\t\t\t\t\t<div class=\"eut-testimonial-element\">\r\n\t\t\t\t\t<p>In unserer mehrj\u00e4hrigen Zusammenarbeit mit Eccoles haben wir keinerlei Beschwerden. Qualit\u00e4tsprodukte und Zuverl\u00e4ssigkeit bei Lieferungen, liefertreu.<\/p>\n\t\t\t\t\t\t\t\t\t<\/div>\r\n\t\t\t\t\t<\/div>\r\n\r\n\t\t[\/vc_column][\/vc_row][vc_row bg_type=&#8220;color&#8220; padding_top=&#8220;50&#8243; padding_bottom=&#8220;50&#8243; margin_bottom=&#8220;0&#8243; bg_color=&#8220;#f7f7f7&#8243;][vc_column width=&#8220;1\/4&#8243;]<div class=\"eut-element eut-counter eut-align-center\" style=\"\">  <div class=\"eut-counter-content\">    <div class=\"eut-counter-item eut-color-grey eut-small\">      <span data-thousands-separator-vis=\"\" data-thousands-separator=\",\" data-prefix=\"\" data-suffix=\"+\" data-start-val=\"0\" data-end-val=\"500\" data-decimal-points=\"0\" data-decimal-separator=\".\">0<\/span>    <\/div>\t<h6 class=\"eut-counter-title\">ZUFRIEDENE KUNDEN<\/h6>  <\/div><\/div>[\/vc_column][vc_column width=&#8220;1\/4&#8243;]<div class=\"eut-element eut-counter eut-align-center\" style=\"\">  <div class=\"eut-counter-content\">    <div class=\"eut-counter-item eut-color-grey eut-small\">      <span data-thousands-separator-vis=\"\" data-thousands-separator=\",\" data-prefix=\"\" data-suffix=\"+\" data-start-val=\"0\" data-end-val=\"20\" data-decimal-points=\"0\" data-decimal-separator=\".\">0<\/span>    <\/div>\t<h6 class=\"eut-counter-title\">JAHRE TRADITION<\/h6>  <\/div><\/div>[\/vc_column][vc_column width=&#8220;1\/4&#8243;]<div class=\"eut-element eut-counter eut-align-center\" style=\"\">  <div class=\"eut-counter-content\">    <div class=\"eut-counter-item eut-color-grey eut-small\">      <span data-thousands-separator-vis=\"\" data-thousands-separator=\",\" data-prefix=\"\" data-suffix=\"+\" data-start-val=\"0\" data-end-val=\"10\" data-decimal-points=\"0\" data-decimal-separator=\".\">0<\/span>    <\/div>\t<h6 class=\"eut-counter-title\">VERSCHIEDENE L\u00c4NDER<\/h6>  <\/div><\/div>[\/vc_column][vc_column width=&#8220;1\/4&#8243;]<div class=\"eut-element eut-counter eut-align-center\" style=\"\">  <div class=\"eut-counter-content\">    <div class=\"eut-counter-item eut-color-grey eut-small\">      <span data-thousands-separator-vis=\"\" data-thousands-separator=\",\" data-prefix=\"\" data-suffix=\"+\" data-start-val=\"0\" data-end-val=\"50\" data-decimal-points=\"0\" data-decimal-separator=\".\">0<\/span>    <\/div>\t<h6 class=\"eut-counter-title\">GESCH\u00c4FTSPARTNER<\/h6>  <\/div><\/div>[\/vc_column][\/vc_row][vc_row section_type=&#8220;fullwidth-element&#8220; margin_bottom=&#8220;0&#8243;][vc_column]<div class=\"eut-element eut-hr \" style=\"\"><div class=\"eut-line-divider\"><\/div><\/div>[\/vc_column][\/vc_row][vc_row footer_feature=&#8220;yes&#8220; padding_top=&#8220;120&#8243; padding_bottom=&#8220;120&#8243; margin_bottom=&#8220;0&#8243; section_id=&#8220;hide_calculator&#8220;][vc_column]<div class=\"eut-element eut-slogan eut-align-center\" style=\"\"><h2 class=\"eut-slogan-title eut-align-center eut-title-line\"><span>Izra\u010dunaj si ceno hrastove plo\u0161\u010de<\/span><\/h2><\/div><div class=\"eut-element eut-align-center\"><a class=\"eut-btn eut-btn-large eut-square eut-bg-primary-1\" href=\"https:\/\/eccoles.com\/de\/massivholzplatten-mit-durchgehende-lamellen\/#calc\" target=\"_self\" style=\"\"><span>Kalkulator cene<\/span><\/a><\/div>[vc_empty_space height=&#8220;50&#8243;][\/vc_column][\/vc_row][vc_row bg_type=&#8220;color&#8220; footer_feature=&#8220;yes&#8220; padding_top=&#8220;80&#8243; padding_bottom=&#8220;130&#8243; margin_bottom=&#8220;0&#8243; bg_color=&#8220;#f7f7f7&#8243;][vc_column]<div class=\"eut-element eut-slogan eut-align-center\" style=\"\"><h2 class=\"eut-slogan-title eut-align-center eut-title-line\"><span>UNSERE MERKMALE<\/span><\/h2><\/div>[vc_row_inner][vc_column_inner width=&#8220;1\/3&#8243;]<div class=\"eut-element eut-box-icon eut-align-center eut-medium nase-odlike\" style=\"\"><div class=\"eut-wrapper-icon eut-no-shape eut-color-grey\"><i class=\"far fa-handshake eut-color-primary-1\"><\/i><\/div>  <div class=\"eut-box-content\">    <div class=\"eut-box-title-wrapper\">      <h3 class=\"eut-box-title\">NACHHALTIGKEIT<\/h3>    <\/div>    <p class=\"\">Unser Engagement f\u00fcr Nachhaltigkeit ist der Eckpfeiler unserer T\u00e4tigkeit. Wir bem\u00fchen uns, nur Holz aus nachhaltig bewirtschafteten W\u00e4ldern zu verwenden und Praktiken anzuwenden, die unsere Auswirkungen auf die Umwelt verringern. Dadurch wird sichergestellt, dass unsere Produkte zur Erhaltung des nat\u00fcrlichen Gleichgewichts und zur nachhaltigen Entwicklung beitragen.<\/p>  <\/div><\/div>[\/vc_column_inner][vc_column_inner width=&#8220;1\/3&#8243;]<div class=\"eut-element eut-box-icon eut-align-center eut-medium nase-odlike\" style=\"\"><div class=\"eut-wrapper-icon eut-no-shape eut-color-grey\"><i class=\"fas fa-crown eut-color-primary-1\"><\/i><\/div>  <div class=\"eut-box-content\">    <div class=\"eut-box-title-wrapper\">      <h3 class=\"eut-box-title\">EXKLUSIVIT\u00c4T UND ELEGANZ<\/h3>    <\/div>    <p class=\"\">Exklusivit\u00e4t und Eleganz sind unverzichtbare Merkmale unseres Angebots, denn wir konzentrieren uns auf die Herstellung von Produkten, die sich durch ihre Einzigartigkeit und \u00e4sthetische Perfektion auszeichnen. Unsere Eichenholzprodukte sind nicht nur hochwertig und funktional, sondern auch ein Symbol f\u00fcr Prestige und Ausdruck eines individuellen Stils.<\/p>  <\/div><\/div>[\/vc_column_inner][vc_column_inner width=&#8220;1\/3&#8243;]<div class=\"eut-element eut-box-icon eut-align-center eut-medium nase-odlike\" style=\"\"><div class=\"eut-wrapper-icon eut-no-shape eut-color-grey\"><i class=\"fas fa-certificate eut-color-primary-1\"><\/i><\/div>  <div class=\"eut-box-content\">    <div class=\"eut-box-title-wrapper\">      <h3 class=\"eut-box-title\">PREMIUMQUALIT\u00c4T<\/h3>    <\/div>    <p class=\"\">Kompromisslose Spitzenqualit\u00e4t ist unsere Verpflichtung gegen\u00fcber unseren Kunden, denn wir sorgen f\u00fcr eine sorgf\u00e4ltige Auswahl der Materialien, eine hochwertige Verarbeitung und eine gr\u00fcndliche Pr\u00fcfung jedes Produkts vor der Auslieferung. So wird sichergestellt, dass unsere massiven Eichenholzprodukte extrem haltbar und langlebig sind und den h\u00f6chsten Qualit\u00e4tsstandards entsprechen.<\/p>  <\/div><\/div>[\/vc_column_inner][\/vc_row_inner][\/vc_column][\/vc_row][vc_row bg_type=&#8220;color&#8220; footer_feature=&#8220;yes&#8220; bg_color=&#8220;#bba887&#8243; padding_top=&#8220;50&#8243; margin_bottom=&#8220;150&#8243;][vc_column]<div class=\"eut-element eut-callout eut-btn-right\" style=\"margin-bottom: 50px;\">  <div class=\"eut-callout-wrapper\"><h5 class=\"eut-callout-content\">SIND SIE AUF DER SUCHE NACH EINEM HOCHWERTIGEN LIEFERANTEN VON MASSIVHOLZPLATTEN, PARKETT ODER EICHENST\u00dcHLEN?<\/h5>  <\/div>  <div class=\"eut-button-wrapper\"><a class=\"eut-btn eut-btn-medium eut-square eut-white-color eut-btn-line\" href=\"https:\/\/eccoles.com\/de\/kontakt\/\" target=\"_self\" style=\"\"><span>ANFRAGE SENDEN<\/span><\/a>  <\/div><\/div>[\/vc_column][\/vc_row]<\/p>\n<\/div>","protected":false},"excerpt":{"rendered":"<p>[vc_row bg_type=&#8220;color&#8220; header_feature=&#8220;yes&#8220; padding_top=&#8220;100&#8243; padding_bottom=&#8220;120&#8243; margin_bottom=&#8220;0&#8243; bg_color=&#8220;#f7f7f7&#8243;][vc_column][vc_empty_space height=&#8220;25&#8243;][\/vc_column][\/vc_row][vc_row bg_type=&#8220;color&#8220; header_feature=&#8220;yes&#8220; padding_top=&#8220;0&#8243; padding_bottom=&#8220;50&#8243; margin_bottom=&#8220;0&#8243; bg_color=&#8220;#f7f7f7&#8243; el_class=&#8220;ponudba&#8220;][vc_column width=&#8220;1\/2&#8243;][\/vc_column][vc_column width=&#8220;1\/2&#8243;][\/vc_column][\/vc_row][vc_row bg_type=&#8220;color&#8220; header_feature=&#8220;yes&#8220; padding_top=&#8220;100&#8243; padding_bottom=&#8220;120&#8243; margin_bottom=&#8220;0&#8243; bg_color=&#8220;#f7f7f7&#8243; el_class=&#8220;ponudba&#8220;][vc_column width=&#8220;1\/3&#8243;][\/vc_column][vc_column width=&#8220;1\/3&#8243;][\/vc_column][vc_column width=&#8220;1\/3&#8243;][\/vc_column][\/vc_row][vc_row heading_color=&#8220;light&#8220; bg_type=&#8220;image&#8220; bg_image=&#8220;2484&#8243; bg_image_type=&#8220;parallax&#8220; color_overlay=&#8220;dark&#8220; opacity_overlay=&#8220;80&#8243; font_color=&#8220;#ffffff&#8220; padding_top=&#8220;150&#8243; padding_bottom=&#8220;150&#8243; margin_bottom=&#8220;0&#8243;][vc_column css=&#8220;.vc_custom_1450666486729{padding-right: 12% !important;padding-left: 12% !important;}&#8220;][\/vc_column][\/vc_row][vc_row bg_type=&#8220;color&#8220; padding_top=&#8220;50&#8243; padding_bottom=&#8220;50&#8243; margin_bottom=&#8220;0&#8243; bg_color=&#8220;#f7f7f7&#8243;][vc_column width=&#8220;1\/4&#8243;][\/vc_column][vc_column width=&#8220;1\/4&#8243;][\/vc_column][vc_column width=&#8220;1\/4&#8243;][\/vc_column][vc_column width=&#8220;1\/4&#8243;][\/vc_column][\/vc_row][vc_row section_type=&#8220;fullwidth-element&#8220; margin_bottom=&#8220;0&#8243;][vc_column][\/vc_column][\/vc_row][vc_row footer_feature=&#8220;yes&#8220; padding_top=&#8220;120&#8243; [&hellip;]<\/p>\n","protected":false},"author":1,"featured_media":0,"parent":0,"menu_order":0,"comment_status":"closed","ping_status":"closed","template":"","meta":{"footnotes":""},"yoast_head":"<!-- This site is optimized with the Yoast SEO plugin v23.5 - https:\/\/yoast.com\/wordpress\/plugins\/seo\/ -->\n<title>Eccoles | Massivholzplatten, Parkett und M\u00f6bel<\/title>\n<meta name=\"description\" content=\"Eccoles - Nat\u00fcrliche Eleganz aus Massivholz. Mit hochwertigen Holzprodukten schaffen wir H\u00e4user, die Eleganz und Langlebigkeit ausstrahlen.\" \/>\n<meta name=\"robots\" content=\"index, follow, max-snippet:-1, max-image-preview:large, max-video-preview:-1\" \/>\n<link rel=\"canonical\" href=\"https:\/\/eccoles.com\/de\/\" \/>\n<meta property=\"og:locale\" content=\"de_DE\" \/>\n<meta property=\"og:type\" content=\"article\" \/>\n<meta property=\"og:title\" content=\"Eccoles | Massivholzplatten, Parkett und M\u00f6bel\" \/>\n<meta property=\"og:description\" content=\"Eccoles - Nat\u00fcrliche Eleganz aus Massivholz. Mit hochwertigen Holzprodukten schaffen wir H\u00e4user, die Eleganz und Langlebigkeit ausstrahlen.\" \/>\n<meta property=\"og:url\" content=\"https:\/\/eccoles.com\/de\/\" \/>\n<meta property=\"og:site_name\" content=\"Eccoles\" \/>\n<meta property=\"article:modified_time\" content=\"2024-03-21T20:28:05+00:00\" \/>\n<meta property=\"og:image\" content=\"https:\/\/eccoles.com\/wp-content\/uploads\/2024\/03\/IMG_7890.jpg\" \/>\n\t<meta property=\"og:image:width\" content=\"1350\" \/>\n\t<meta property=\"og:image:height\" content=\"1800\" \/>\n\t<meta property=\"og:image:type\" content=\"image\/jpeg\" \/>\n<meta name=\"twitter:card\" content=\"summary_large_image\" \/>\n<script type=\"application\/ld+json\" class=\"yoast-schema-graph\">{\"@context\":\"https:\/\/schema.org\",\"@graph\":[{\"@type\":\"WebPage\",\"@id\":\"https:\/\/eccoles.com\/de\/\",\"url\":\"https:\/\/eccoles.com\/de\/\",\"name\":\"Eccoles | Massivholzplatten, Parkett und M\u00f6bel\",\"isPartOf\":{\"@id\":\"https:\/\/eccoles.com\/de\/#website\"},\"datePublished\":\"2016-01-03T23:25:57+00:00\",\"dateModified\":\"2024-03-21T20:28:05+00:00\",\"description\":\"Eccoles - Nat\u00fcrliche Eleganz aus Massivholz. Mit hochwertigen Holzprodukten schaffen wir H\u00e4user, die Eleganz und Langlebigkeit ausstrahlen.\",\"breadcrumb\":{\"@id\":\"https:\/\/eccoles.com\/de\/#breadcrumb\"},\"inLanguage\":\"de\",\"potentialAction\":[{\"@type\":\"ReadAction\",\"target\":[\"https:\/\/eccoles.com\/de\/\"]}]},{\"@type\":\"BreadcrumbList\",\"@id\":\"https:\/\/eccoles.com\/de\/#breadcrumb\",\"itemListElement\":[{\"@type\":\"ListItem\",\"position\":1,\"name\":\"Home\",\"item\":\"https:\/\/eccoles.com\/de\/\"},{\"@type\":\"ListItem\",\"position\":2,\"name\":\"Startseite\"}]},{\"@type\":\"WebSite\",\"@id\":\"https:\/\/eccoles.com\/de\/#website\",\"url\":\"https:\/\/eccoles.com\/de\/\",\"name\":\"Eccoles\",\"description\":\"Masivne plo\u0161\u010de, parket in pohi\u0161tvo\",\"publisher\":{\"@id\":\"https:\/\/eccoles.com\/de\/#organization\"},\"potentialAction\":[{\"@type\":\"SearchAction\",\"target\":{\"@type\":\"EntryPoint\",\"urlTemplate\":\"https:\/\/eccoles.com\/de\/?s={search_term_string}\"},\"query-input\":{\"@type\":\"PropertyValueSpecification\",\"valueRequired\":true,\"valueName\":\"search_term_string\"}}],\"inLanguage\":\"de\"},{\"@type\":\"Organization\",\"@id\":\"https:\/\/eccoles.com\/de\/#organization\",\"name\":\"Eccoles\",\"url\":\"https:\/\/eccoles.com\/de\/\",\"logo\":{\"@type\":\"ImageObject\",\"inLanguage\":\"de\",\"@id\":\"https:\/\/eccoles.com\/de\/#\/schema\/logo\/image\/\",\"url\":\"https:\/\/eccoles.com\/wp-content\/uploads\/2024\/02\/logo_colored.png\",\"contentUrl\":\"https:\/\/eccoles.com\/wp-content\/uploads\/2024\/02\/logo_colored.png\",\"width\":825,\"height\":194,\"caption\":\"Eccoles\"},\"image\":{\"@id\":\"https:\/\/eccoles.com\/de\/#\/schema\/logo\/image\/\"}}]}<\/script>\n<!-- \/ Yoast SEO plugin. -->","yoast_head_json":{"title":"Eccoles | Massivholzplatten, Parkett und M\u00f6bel","description":"Eccoles - Nat\u00fcrliche Eleganz aus Massivholz. Mit hochwertigen Holzprodukten schaffen wir H\u00e4user, die Eleganz und Langlebigkeit ausstrahlen.","robots":{"index":"index","follow":"follow","max-snippet":"max-snippet:-1","max-image-preview":"max-image-preview:large","max-video-preview":"max-video-preview:-1"},"canonical":"https:\/\/eccoles.com\/de\/","og_locale":"de_DE","og_type":"article","og_title":"Eccoles | Massivholzplatten, Parkett und M\u00f6bel","og_description":"Eccoles - Nat\u00fcrliche Eleganz aus Massivholz. Mit hochwertigen Holzprodukten schaffen wir H\u00e4user, die Eleganz und Langlebigkeit ausstrahlen.","og_url":"https:\/\/eccoles.com\/de\/","og_site_name":"Eccoles","article_modified_time":"2024-03-21T20:28:05+00:00","og_image":[{"width":1350,"height":1800,"url":"https:\/\/eccoles.com\/wp-content\/uploads\/2024\/03\/IMG_7890.jpg","type":"image\/jpeg"}],"twitter_card":"summary_large_image","schema":{"@context":"https:\/\/schema.org","@graph":[{"@type":"WebPage","@id":"https:\/\/eccoles.com\/de\/","url":"https:\/\/eccoles.com\/de\/","name":"Eccoles | Massivholzplatten, Parkett und M\u00f6bel","isPartOf":{"@id":"https:\/\/eccoles.com\/de\/#website"},"datePublished":"2016-01-03T23:25:57+00:00","dateModified":"2024-03-21T20:28:05+00:00","description":"Eccoles - Nat\u00fcrliche Eleganz aus Massivholz. Mit hochwertigen Holzprodukten schaffen wir H\u00e4user, die Eleganz und Langlebigkeit ausstrahlen.","breadcrumb":{"@id":"https:\/\/eccoles.com\/de\/#breadcrumb"},"inLanguage":"de","potentialAction":[{"@type":"ReadAction","target":["https:\/\/eccoles.com\/de\/"]}]},{"@type":"BreadcrumbList","@id":"https:\/\/eccoles.com\/de\/#breadcrumb","itemListElement":[{"@type":"ListItem","position":1,"name":"Home","item":"https:\/\/eccoles.com\/de\/"},{"@type":"ListItem","position":2,"name":"Startseite"}]},{"@type":"WebSite","@id":"https:\/\/eccoles.com\/de\/#website","url":"https:\/\/eccoles.com\/de\/","name":"Eccoles","description":"Masivne plo\u0161\u010de, parket in pohi\u0161tvo","publisher":{"@id":"https:\/\/eccoles.com\/de\/#organization"},"potentialAction":[{"@type":"SearchAction","target":{"@type":"EntryPoint","urlTemplate":"https:\/\/eccoles.com\/de\/?s={search_term_string}"},"query-input":{"@type":"PropertyValueSpecification","valueRequired":true,"valueName":"search_term_string"}}],"inLanguage":"de"},{"@type":"Organization","@id":"https:\/\/eccoles.com\/de\/#organization","name":"Eccoles","url":"https:\/\/eccoles.com\/de\/","logo":{"@type":"ImageObject","inLanguage":"de","@id":"https:\/\/eccoles.com\/de\/#\/schema\/logo\/image\/","url":"https:\/\/eccoles.com\/wp-content\/uploads\/2024\/02\/logo_colored.png","contentUrl":"https:\/\/eccoles.com\/wp-content\/uploads\/2024\/02\/logo_colored.png","width":825,"height":194,"caption":"Eccoles"},"image":{"@id":"https:\/\/eccoles.com\/de\/#\/schema\/logo\/image\/"}}]}},"_links":{"self":[{"href":"https:\/\/eccoles.com\/de\/wp-json\/wp\/v2\/pages\/4758"}],"collection":[{"href":"https:\/\/eccoles.com\/de\/wp-json\/wp\/v2\/pages"}],"about":[{"href":"https:\/\/eccoles.com\/de\/wp-json\/wp\/v2\/types\/page"}],"author":[{"embeddable":true,"href":"https:\/\/eccoles.com\/de\/wp-json\/wp\/v2\/users\/1"}],"replies":[{"embeddable":true,"href":"https:\/\/eccoles.com\/de\/wp-json\/wp\/v2\/comments?post=4758"}],"version-history":[{"count":37,"href":"https:\/\/eccoles.com\/de\/wp-json\/wp\/v2\/pages\/4758\/revisions"}],"predecessor-version":[{"id":4997,"href":"https:\/\/eccoles.com\/de\/wp-json\/wp\/v2\/pages\/4758\/revisions\/4997"}],"wp:attachment":[{"href":"https:\/\/eccoles.com\/de\/wp-json\/wp\/v2\/media?parent=4758"}],"curies":[{"name":"wp","href":"https:\/\/api.w.org\/{rel}","templated":true}]}}